{"id":629,"date":"2019-10-07T13:10:13","date_gmt":"2019-10-07T10:10:13","guid":{"rendered":"https:\/\/new.keemiatoostus.ee\/?page_id=629"},"modified":"2025-06-17T11:13:16","modified_gmt":"2025-06-17T08:13:16","slug":"about-the-company","status":"publish","type":"page","link":"https:\/\/www.keemiatoostus.ee\/en\/about-the-company\/","title":{"rendered":"About the company"},"content":{"rendered":"<p>Kivi\u00f5li Keemiat\u00f6\u00f6stus (KKT) is a company whose main activities are oil shale extraction and the production of shale oil, thermal energy, and power.<\/p>\n<ol start=\"1922\">\n<li>The production units of the company established in 1922 are located in the town of Kivi\u00f5li in Ida-Viru County.<\/li>\n<\/ol>\n<p>KKT extracts oil shale in the North Kivi\u00f5li extraction site and nearly 1.5 million tonnes of oil shale is extracted annually.<\/p>\n<p>Combined heating and power production covers the heating needs of both the company and the town of Kivi\u00f5li. The power produced by KKT is consumed at the company and it is also forwarded to the distribution network.<\/p>\n<p>KKT employs nearly 600 people, the majority of whom are the citizens of L\u00fcganuse rural municipality.<\/p>\n","protected":false},"excerpt":{"rendered":"<p>Kivi\u00f5li Keemiat\u00f6\u00f6stus (KKT) is a company whose main activities are oil shale extraction and the production of shale oil, thermal&hellip;<\/p>\n","protected":false},"author":1,"featured_media":91,"parent":0,"menu_order":0,"comment_status":"closed","ping_status":"closed","template":"","meta":{"footnotes":""},"class_list":["post-629","page","type-page","status-publish","has-post-thumbnail","hentry"],"yoast_head":"<!-- This site is optimized with the Yoast SEO plugin v25.9 - https:\/\/yoast.com\/wordpress\/plugins\/seo\/ -->\n<title>About the company - Kivi\u00f5li Keemiat\u00f6\u00f6stus<\/title>\n<meta name=\"robots\" content=\"index, follow, max-snippet:-1, max-image-preview:large, max-video-preview:-1\" \/>\n<link rel=\"canonical\" href=\"https:\/\/www.keemiatoostus.ee\/en\/about-the-company\/\" \/>\n<meta property=\"og:locale\" content=\"en_US\" \/>\n<meta property=\"og:type\" content=\"article\" \/>\n<meta property=\"og:title\" content=\"About the company - Kivi\u00f5li Keemiat\u00f6\u00f6stus\" \/>\n<meta property=\"og:description\" content=\"Kivi\u00f5li Keemiat\u00f6\u00f6stus (KKT) is a company whose main activities are oil shale extraction and the production of shale oil, thermal&hellip;\" \/>\n<meta property=\"og:url\" content=\"https:\/\/www.keemiatoostus.ee\/en\/about-the-company\/\" \/>\n<meta property=\"og:site_name\" content=\"Kivi\u00f5li Keemiat\u00f6\u00f6stus\" \/>\n<meta property=\"article:modified_time\" content=\"2025-06-17T08:13:16+00:00\" \/>\n<meta property=\"og:image\" content=\"https:\/\/www.keemiatoostus.ee\/wp-content\/uploads\/2019\/07\/content.png\" \/>\n\t<meta property=\"og:image:width\" content=\"480\" \/>\n\t<meta property=\"og:image:height\" content=\"575\" \/>\n\t<meta property=\"og:image:type\" content=\"image\/png\" \/>\n<meta name=\"twitter:card\" content=\"summary_large_image\" \/>\n<meta name=\"twitter:label1\" content=\"Est. reading time\" \/>\n\t<meta name=\"twitter:data1\" content=\"1 minute\" \/>\n<script type=\"application\/ld+json\" class=\"yoast-schema-graph\">{\"@context\":\"https:\/\/schema.org\",\"@graph\":[{\"@type\":\"WebPage\",\"@id\":\"https:\/\/www.keemiatoostus.ee\/en\/about-the-company\/\",\"url\":\"https:\/\/www.keemiatoostus.ee\/en\/about-the-company\/\",\"name\":\"About the company - Kivi\u00f5li Keemiat\u00f6\u00f6stus\",\"isPartOf\":{\"@id\":\"https:\/\/www.keemiatoostus.ee\/#website\"},\"primaryImageOfPage\":{\"@id\":\"https:\/\/www.keemiatoostus.ee\/en\/about-the-company\/#primaryimage\"},\"image\":{\"@id\":\"https:\/\/www.keemiatoostus.ee\/en\/about-the-company\/#primaryimage\"},\"thumbnailUrl\":\"https:\/\/www.keemiatoostus.ee\/wp-content\/uploads\/2019\/07\/content.png\",\"datePublished\":\"2019-10-07T10:10:13+00:00\",\"dateModified\":\"2025-06-17T08:13:16+00:00\",\"breadcrumb\":{\"@id\":\"https:\/\/www.keemiatoostus.ee\/en\/about-the-company\/#breadcrumb\"},\"inLanguage\":\"en-US\",\"potentialAction\":[{\"@type\":\"ReadAction\",\"target\":[\"https:\/\/www.keemiatoostus.ee\/en\/about-the-company\/\"]}]},{\"@type\":\"ImageObject\",\"inLanguage\":\"en-US\",\"@id\":\"https:\/\/www.keemiatoostus.ee\/en\/about-the-company\/#primaryimage\",\"url\":\"https:\/\/www.keemiatoostus.ee\/wp-content\/uploads\/2019\/07\/content.png\",\"contentUrl\":\"https:\/\/www.keemiatoostus.ee\/wp-content\/uploads\/2019\/07\/content.png\",\"width\":480,\"height\":575},{\"@type\":\"BreadcrumbList\",\"@id\":\"https:\/\/www.keemiatoostus.ee\/en\/about-the-company\/#breadcrumb\",\"itemListElement\":[{\"@type\":\"ListItem\",\"position\":1,\"name\":\"Home\",\"item\":\"https:\/\/www.keemiatoostus.ee\/en\/\"},{\"@type\":\"ListItem\",\"position\":2,\"name\":\"About the company\"}]},{\"@type\":\"WebSite\",\"@id\":\"https:\/\/www.keemiatoostus.ee\/#website\",\"url\":\"https:\/\/www.keemiatoostus.ee\/\",\"name\":\"Kivi\u00f5li Keemiat\u00f6\u00f6stus\",\"description\":\"Iidne energia, uuenev tehnoloogia\",\"potentialAction\":[{\"@type\":\"SearchAction\",\"target\":{\"@type\":\"EntryPoint\",\"urlTemplate\":\"https:\/\/www.keemiatoostus.ee\/?s={search_term_string}\"},\"query-input\":{\"@type\":\"PropertyValueSpecification\",\"valueRequired\":true,\"valueName\":\"search_term_string\"}}],\"inLanguage\":\"en-US\"}]}<\/script>\n<!-- \/ Yoast SEO plugin. -->","yoast_head_json":{"title":"About the company - Kivi\u00f5li Keemiat\u00f6\u00f6stus","robots":{"index":"index","follow":"follow","max-snippet":"max-snippet:-1","max-image-preview":"max-image-preview:large","max-video-preview":"max-video-preview:-1"},"canonical":"https:\/\/www.keemiatoostus.ee\/en\/about-the-company\/","og_locale":"en_US","og_type":"article","og_title":"About the company - Kivi\u00f5li Keemiat\u00f6\u00f6stus","og_description":"Kivi\u00f5li Keemiat\u00f6\u00f6stus (KKT) is a company whose main activities are oil shale extraction and the production of shale oil, thermal&hellip;","og_url":"https:\/\/www.keemiatoostus.ee\/en\/about-the-company\/","og_site_name":"Kivi\u00f5li Keemiat\u00f6\u00f6stus","article_modified_time":"2025-06-17T08:13:16+00:00","og_image":[{"width":480,"height":575,"url":"https:\/\/www.keemiatoostus.ee\/wp-content\/uploads\/2019\/07\/content.png","type":"image\/png"}],"twitter_card":"summary_large_image","twitter_misc":{"Est. reading time":"1 minute"},"schema":{"@context":"https:\/\/schema.org","@graph":[{"@type":"WebPage","@id":"https:\/\/www.keemiatoostus.ee\/en\/about-the-company\/","url":"https:\/\/www.keemiatoostus.ee\/en\/about-the-company\/","name":"About the company - Kivi\u00f5li Keemiat\u00f6\u00f6stus","isPartOf":{"@id":"https:\/\/www.keemiatoostus.ee\/#website"},"primaryImageOfPage":{"@id":"https:\/\/www.keemiatoostus.ee\/en\/about-the-company\/#primaryimage"},"image":{"@id":"https:\/\/www.keemiatoostus.ee\/en\/about-the-company\/#primaryimage"},"thumbnailUrl":"https:\/\/www.keemiatoostus.ee\/wp-content\/uploads\/2019\/07\/content.png","datePublished":"2019-10-07T10:10:13+00:00","dateModified":"2025-06-17T08:13:16+00:00","breadcrumb":{"@id":"https:\/\/www.keemiatoostus.ee\/en\/about-the-company\/#breadcrumb"},"inLanguage":"en-US","potentialAction":[{"@type":"ReadAction","target":["https:\/\/www.keemiatoostus.ee\/en\/about-the-company\/"]}]},{"@type":"ImageObject","inLanguage":"en-US","@id":"https:\/\/www.keemiatoostus.ee\/en\/about-the-company\/#primaryimage","url":"https:\/\/www.keemiatoostus.ee\/wp-content\/uploads\/2019\/07\/content.png","contentUrl":"https:\/\/www.keemiatoostus.ee\/wp-content\/uploads\/2019\/07\/content.png","width":480,"height":575},{"@type":"BreadcrumbList","@id":"https:\/\/www.keemiatoostus.ee\/en\/about-the-company\/#breadcrumb","itemListElement":[{"@type":"ListItem","position":1,"name":"Home","item":"https:\/\/www.keemiatoostus.ee\/en\/"},{"@type":"ListItem","position":2,"name":"About the company"}]},{"@type":"WebSite","@id":"https:\/\/www.keemiatoostus.ee\/#website","url":"https:\/\/www.keemiatoostus.ee\/","name":"Kivi\u00f5li Keemiat\u00f6\u00f6stus","description":"Iidne energia, uuenev tehnoloogia","potentialAction":[{"@type":"SearchAction","target":{"@type":"EntryPoint","urlTemplate":"https:\/\/www.keemiatoostus.ee\/?s={search_term_string}"},"query-input":{"@type":"PropertyValueSpecification","valueRequired":true,"valueName":"search_term_string"}}],"inLanguage":"en-US"}]}},"_links":{"self":[{"href":"https:\/\/www.keemiatoostus.ee\/en\/wp-json\/wp\/v2\/pages\/629","targetHints":{"allow":["GET"]}}],"collection":[{"href":"https:\/\/www.keemiatoostus.ee\/en\/wp-json\/wp\/v2\/pages"}],"about":[{"href":"https:\/\/www.keemiatoostus.ee\/en\/wp-json\/wp\/v2\/types\/page"}],"author":[{"embeddable":true,"href":"https:\/\/www.keemiatoostus.ee\/en\/wp-json\/wp\/v2\/users\/1"}],"replies":[{"embeddable":true,"href":"https:\/\/www.keemiatoostus.ee\/en\/wp-json\/wp\/v2\/comments?post=629"}],"version-history":[{"count":3,"href":"https:\/\/www.keemiatoostus.ee\/en\/wp-json\/wp\/v2\/pages\/629\/revisions"}],"predecessor-version":[{"id":1582,"href":"https:\/\/www.keemiatoostus.ee\/en\/wp-json\/wp\/v2\/pages\/629\/revisions\/1582"}],"wp:featuredmedia":[{"embeddable":true,"href":"https:\/\/www.keemiatoostus.ee\/en\/wp-json\/wp\/v2\/media\/91"}],"wp:attachment":[{"href":"https:\/\/www.keemiatoostus.ee\/en\/wp-json\/wp\/v2\/media?parent=629"}],"curies":[{"name":"wp","href":"https:\/\/api.w.org\/{rel}","templated":true}]}}