{"id":631,"date":"2019-10-07T13:13:41","date_gmt":"2019-10-07T10:13:41","guid":{"rendered":"https:\/\/new.keemiatoostus.ee\/?page_id=631"},"modified":"2019-10-07T13:13:41","modified_gmt":"2019-10-07T10:13:41","slug":"history","status":"publish","type":"page","link":"https:\/\/www.keemiatoostus.ee\/en\/about-the-company\/history\/","title":{"rendered":"History"},"content":{"rendered":"<p><strong>Birth of Kivi\u00f5li Keemiat\u00f6\u00f6stus<\/strong><\/p>\n<p><strong><em>1920-1930<\/em><\/strong><\/p>\n<p>In 1920, the Estonian mining agency issued a permit to the German capital-based paper and cardboard company PLC P\u00f5hja for \u201cscouting\u201d the area between Sonda and P\u00fcssi train stations. In 1922, the factory transferred all the rights and obligations to the public limited company Eesti Kivi\u00f5li that established an oil shale quarry on the Erra-Sala village grounds, where open-cast oil shale mining began. This boosted the development of the surrounding area and made the establishments nearby grow rapidly.\u00a0In 1924, the company started practical works with thermal oil shale processing. In 1927, the first trial tunnel oven with a capacity of 75 tonnes of oil shale per 24 h was constructed. In 1928, the settlement that had started to swiftly expand near the industry was called Kivi\u00f5li. In 1929, the company was operating two industrial tunnel ovens with a total power of 500 t\/24 h.<\/p>\n<p><strong><em>1930-1940<\/em><\/strong><\/p>\n<p>In 1930, the company transferred to underground mining. A year later, the Franz Krull factory finished the first oil and petrol plant with two tunnel ovens, which became the predecessor for the Kivi\u00f5li oil shale chemical plant. The plant produced 86 tonnes of fuel oil and 12 tonnes of petrol a day. A train station was built in the vicinity. In 1936, the union was established and the same year also saw the first miners\u2019 strike. In efforts to stop the strike, Polish coal miners were used as cheap labour. In 1938, the Kivi\u00f5li mine became the largest in Estonia, producing more than 0.5 million tonnes per year. In 1939, a two-week paid holiday was enforced for the workers which had not been provided before. The oil shale industry was growing rapidly in the region and by 1940, shale oil provided 8% of the total export income of the entire country.<\/p>\n<p><strong><em>1940-1960<\/em><\/strong><\/p>\n<p>In 1941, the mine and plant equipment was taken to Russia. On 10 August 1941, the German army invaded the plant and in July, the papers transferring the entire oil shale basin to a company called Baltische \u00d6lgesellschaft in Estland were prepared. Over the following three years, the Germans built grand industrial facilities with two brand new tunnel ovens, eight gas generators and a power plant. During this time, workers of various nationalities were brought in as well as prisoners of war who worked in separate divisions. During the German occupation, a new circular shaft yard was built at the Kivi\u00f5li mine which lasted without repairs until the mine was closed thanks to the monolith reinforced concrete used in its construction. When the German army left, the mine and the plant were demolished and the Kivi\u00f5li and K\u00fcttej\u00f5u mines were drowned.<\/p>\n<p>On 24.09.1944, the Soviet army started restoring the mine and the plant. A year later, the two new tunnel ovens started working and the new petrol plant finished its first product batch. In 1947, another tunnel oven was launched as well as the thermal power station. From 1948 to 1954, underground thermal oil shale processing was tested in the northern section of the Kivi\u00f5li mine; the testing continued until 1960. In 1950, the transfer to gas power began for the tunnel ovens, around the same time, sleeper treatment oil was also present in the product selection. In 1951, the Kivi\u00f5li and K\u00fcttej\u00f5u mines were joined. In 1952, the construction works for the new administrative and domestic building for the mine started. The building was finished in 1955. By 1953, six new generators were in operation and the new solid heat carrier testing device with a capacity of 200 tonnes of fine oil shale in 24 h was finished. The same year, coating lacquer called <em>kukersool<\/em> was added to the product selection.<\/p>\n<p><strong><em>1960-1980<\/em><\/strong><\/p>\n<p>In 1963, the new oil shale sorting room was launched with two more generators and a TSK-500 machine, which was employed until 1981. Detergent and formalin plants were opened throughout the 1960-70s. On 12.11.1965, the Kivi\u00f5li mine was transferred to the coal mining ministry of the Soviet Union, meaning the Kivi\u00f5li mine became a separate company. In 1970, the plant experimented with producing <em>nerosiin<\/em> and the first industrial batch of oil shale product <em>sulfinool<\/em> was obtained. At the same time, a system was implemented which allowed the management of the technological process of the tunnel ovens via one central control panel and the central chemistry laboratory developed a quality management system. In 1975, the stove plant was closed and along with it the mine\u2019s double faces.<\/p>\n<p><strong><em>1980-2000<\/em><\/strong><\/p>\n<p>In the 1980s, the list of products manufactured based on the shale oils and water-soluble shale oil sulfinools produced in the plant included more than 30 articles, including mastics, lacquers, epoxies and other resins. Water-soluble phenols were shipped to Russia as raw material for tanning agents. Due to the price of petroleum products falling below 10 dollars a barrel, Kiviter AS went bankrupt in 1998 and the plant was closed for 10 months. In 1999, T. R. Tamme Auto O\u00dc purchased the vacant and ransacked plant. There was a need for oil shale raw material once again.<\/p>\n<p><strong><em>2000-current day<\/em><\/strong><\/p>\n<p>In 2003, the North Kivi\u00f5li oil shale quarry obtained a mining permit and selective oil shale mining began. In 2004, a mining permit was obtained for the Moldova mine. In 2006, a mining permit was obtained for the Kolustre gravel quarry and at the end of the same year, the 30-million kroon Wirtgen 2500 surface miner arrived at the oil shale quarry. In 2011, a mining permit was obtained for the North Kivi\u00f5li II oil shale quarry where selective oil shale extraction is still going on today. In 2012, Alexela Group acquired 50% of the company and another Wirtgen 2500 surface miner arrived at the oil shale quarry. In 2013, in collaboration with Reola Gaas, LPG fuel was taken into use in trucks. In 2014, Alexela Group acquired the company and established a new tank park. In 2015, a full-power solid heat carrier machine started working. The following year, both solid heat carrier machines were operating and the sale of phenols was relaunched. In 2017, a 1.8-million-euro contract was signed for installing an electrical filter for the solid heat carrier machine; the work was completed in 2018. The company continues to make major investments to reduce environmental impact and increase production volumes.<\/p>\n<p><strong>Company name throughout the years<\/strong><\/p>\n<p>Kivi\u00f5li Keemiat\u00f6\u00f6stus (Kivi\u00f5li Chemistry Industry) has borne various names over time, but the substance has remained the same \u2013 shale oil is the main product.<\/p>\n<p><img loading=\"lazy\" decoding=\"async\" class=\"alignnone size-full wp-image-638\" src=\"https:\/\/new.keemiatoostus.ee\/wp-content\/uploads\/2019\/10\/graphic_history.png\" alt=\"\" width=\"1080\" height=\"855\" srcset=\"https:\/\/www.keemiatoostus.ee\/wp-content\/uploads\/2019\/10\/graphic_history.png 1080w, https:\/\/www.keemiatoostus.ee\/wp-content\/uploads\/2019\/10\/graphic_history-300x238.png 300w, https:\/\/www.keemiatoostus.ee\/wp-content\/uploads\/2019\/10\/graphic_history-768x608.png 768w, https:\/\/www.keemiatoostus.ee\/wp-content\/uploads\/2019\/10\/graphic_history-1024x811.png 1024w\" sizes=\"auto, (max-width: 1080px) 100vw, 1080px\" \/><\/p>\n","protected":false},"excerpt":{"rendered":"<p>Birth of Kivi\u00f5li Keemiat\u00f6\u00f6stus 1920-1930 In 1920, the Estonian mining agency issued a permit to the German capital-based paper and&hellip;<\/p>\n","protected":false},"author":1,"featured_media":0,"parent":629,"menu_order":1,"comment_status":"closed","ping_status":"closed","template":"","meta":{"footnotes":""},"class_list":["post-631","page","type-page","status-publish","hentry"],"yoast_head":"<!-- This site is optimized with the Yoast SEO plugin v25.9 - https:\/\/yoast.com\/wordpress\/plugins\/seo\/ -->\n<title>History - Kivi\u00f5li Keemiat\u00f6\u00f6stus<\/title>\n<meta name=\"robots\" content=\"index, follow, max-snippet:-1, max-image-preview:large, max-video-preview:-1\" \/>\n<link rel=\"canonical\" href=\"https:\/\/www.keemiatoostus.ee\/en\/about-the-company\/history\/\" \/>\n<meta property=\"og:locale\" content=\"en_US\" \/>\n<meta property=\"og:type\" content=\"article\" \/>\n<meta property=\"og:title\" content=\"History - Kivi\u00f5li Keemiat\u00f6\u00f6stus\" \/>\n<meta property=\"og:description\" content=\"Birth of Kivi\u00f5li Keemiat\u00f6\u00f6stus 1920-1930 In 1920, the Estonian mining agency issued a permit to the German capital-based paper and&hellip;\" \/>\n<meta property=\"og:url\" content=\"https:\/\/www.keemiatoostus.ee\/en\/about-the-company\/history\/\" \/>\n<meta property=\"og:site_name\" content=\"Kivi\u00f5li Keemiat\u00f6\u00f6stus\" \/>\n<meta property=\"og:image\" content=\"https:\/\/new.keemiatoostus.ee\/wp-content\/uploads\/2019\/10\/graphic_history.png\" \/>\n<meta name=\"twitter:card\" content=\"summary_large_image\" \/>\n<meta name=\"twitter:label1\" content=\"Est. reading time\" \/>\n\t<meta name=\"twitter:data1\" content=\"5 minutes\" \/>\n<script type=\"application\/ld+json\" class=\"yoast-schema-graph\">{\"@context\":\"https:\/\/schema.org\",\"@graph\":[{\"@type\":\"WebPage\",\"@id\":\"https:\/\/www.keemiatoostus.ee\/en\/about-the-company\/history\/\",\"url\":\"https:\/\/www.keemiatoostus.ee\/en\/about-the-company\/history\/\",\"name\":\"History - Kivi\u00f5li Keemiat\u00f6\u00f6stus\",\"isPartOf\":{\"@id\":\"https:\/\/www.keemiatoostus.ee\/#website\"},\"primaryImageOfPage\":{\"@id\":\"https:\/\/www.keemiatoostus.ee\/en\/about-the-company\/history\/#primaryimage\"},\"image\":{\"@id\":\"https:\/\/www.keemiatoostus.ee\/en\/about-the-company\/history\/#primaryimage\"},\"thumbnailUrl\":\"https:\/\/new.keemiatoostus.ee\/wp-content\/uploads\/2019\/10\/graphic_history.png\",\"datePublished\":\"2019-10-07T10:13:41+00:00\",\"breadcrumb\":{\"@id\":\"https:\/\/www.keemiatoostus.ee\/en\/about-the-company\/history\/#breadcrumb\"},\"inLanguage\":\"en-US\",\"potentialAction\":[{\"@type\":\"ReadAction\",\"target\":[\"https:\/\/www.keemiatoostus.ee\/en\/about-the-company\/history\/\"]}]},{\"@type\":\"ImageObject\",\"inLanguage\":\"en-US\",\"@id\":\"https:\/\/www.keemiatoostus.ee\/en\/about-the-company\/history\/#primaryimage\",\"url\":\"https:\/\/new.keemiatoostus.ee\/wp-content\/uploads\/2019\/10\/graphic_history.png\",\"contentUrl\":\"https:\/\/new.keemiatoostus.ee\/wp-content\/uploads\/2019\/10\/graphic_history.png\"},{\"@type\":\"BreadcrumbList\",\"@id\":\"https:\/\/www.keemiatoostus.ee\/en\/about-the-company\/history\/#breadcrumb\",\"itemListElement\":[{\"@type\":\"ListItem\",\"position\":1,\"name\":\"Home\",\"item\":\"https:\/\/www.keemiatoostus.ee\/en\/\"},{\"@type\":\"ListItem\",\"position\":2,\"name\":\"About the company\",\"item\":\"https:\/\/www.keemiatoostus.ee\/en\/about-the-company\/\"},{\"@type\":\"ListItem\",\"position\":3,\"name\":\"History\"}]},{\"@type\":\"WebSite\",\"@id\":\"https:\/\/www.keemiatoostus.ee\/#website\",\"url\":\"https:\/\/www.keemiatoostus.ee\/\",\"name\":\"Kivi\u00f5li Keemiat\u00f6\u00f6stus\",\"description\":\"Iidne energia, uuenev tehnoloogia\",\"potentialAction\":[{\"@type\":\"SearchAction\",\"target\":{\"@type\":\"EntryPoint\",\"urlTemplate\":\"https:\/\/www.keemiatoostus.ee\/?s={search_term_string}\"},\"query-input\":{\"@type\":\"PropertyValueSpecification\",\"valueRequired\":true,\"valueName\":\"search_term_string\"}}],\"inLanguage\":\"en-US\"}]}<\/script>\n<!-- \/ Yoast SEO plugin. -->","yoast_head_json":{"title":"History - Kivi\u00f5li Keemiat\u00f6\u00f6stus","robots":{"index":"index","follow":"follow","max-snippet":"max-snippet:-1","max-image-preview":"max-image-preview:large","max-video-preview":"max-video-preview:-1"},"canonical":"https:\/\/www.keemiatoostus.ee\/en\/about-the-company\/history\/","og_locale":"en_US","og_type":"article","og_title":"History - Kivi\u00f5li Keemiat\u00f6\u00f6stus","og_description":"Birth of Kivi\u00f5li Keemiat\u00f6\u00f6stus 1920-1930 In 1920, the Estonian mining agency issued a permit to the German capital-based paper and&hellip;","og_url":"https:\/\/www.keemiatoostus.ee\/en\/about-the-company\/history\/","og_site_name":"Kivi\u00f5li Keemiat\u00f6\u00f6stus","og_image":[{"url":"https:\/\/new.keemiatoostus.ee\/wp-content\/uploads\/2019\/10\/graphic_history.png","type":"","width":"","height":""}],"twitter_card":"summary_large_image","twitter_misc":{"Est. reading time":"5 minutes"},"schema":{"@context":"https:\/\/schema.org","@graph":[{"@type":"WebPage","@id":"https:\/\/www.keemiatoostus.ee\/en\/about-the-company\/history\/","url":"https:\/\/www.keemiatoostus.ee\/en\/about-the-company\/history\/","name":"History - Kivi\u00f5li Keemiat\u00f6\u00f6stus","isPartOf":{"@id":"https:\/\/www.keemiatoostus.ee\/#website"},"primaryImageOfPage":{"@id":"https:\/\/www.keemiatoostus.ee\/en\/about-the-company\/history\/#primaryimage"},"image":{"@id":"https:\/\/www.keemiatoostus.ee\/en\/about-the-company\/history\/#primaryimage"},"thumbnailUrl":"https:\/\/new.keemiatoostus.ee\/wp-content\/uploads\/2019\/10\/graphic_history.png","datePublished":"2019-10-07T10:13:41+00:00","breadcrumb":{"@id":"https:\/\/www.keemiatoostus.ee\/en\/about-the-company\/history\/#breadcrumb"},"inLanguage":"en-US","potentialAction":[{"@type":"ReadAction","target":["https:\/\/www.keemiatoostus.ee\/en\/about-the-company\/history\/"]}]},{"@type":"ImageObject","inLanguage":"en-US","@id":"https:\/\/www.keemiatoostus.ee\/en\/about-the-company\/history\/#primaryimage","url":"https:\/\/new.keemiatoostus.ee\/wp-content\/uploads\/2019\/10\/graphic_history.png","contentUrl":"https:\/\/new.keemiatoostus.ee\/wp-content\/uploads\/2019\/10\/graphic_history.png"},{"@type":"BreadcrumbList","@id":"https:\/\/www.keemiatoostus.ee\/en\/about-the-company\/history\/#breadcrumb","itemListElement":[{"@type":"ListItem","position":1,"name":"Home","item":"https:\/\/www.keemiatoostus.ee\/en\/"},{"@type":"ListItem","position":2,"name":"About the company","item":"https:\/\/www.keemiatoostus.ee\/en\/about-the-company\/"},{"@type":"ListItem","position":3,"name":"History"}]},{"@type":"WebSite","@id":"https:\/\/www.keemiatoostus.ee\/#website","url":"https:\/\/www.keemiatoostus.ee\/","name":"Kivi\u00f5li Keemiat\u00f6\u00f6stus","description":"Iidne energia, uuenev tehnoloogia","potentialAction":[{"@type":"SearchAction","target":{"@type":"EntryPoint","urlTemplate":"https:\/\/www.keemiatoostus.ee\/?s={search_term_string}"},"query-input":{"@type":"PropertyValueSpecification","valueRequired":true,"valueName":"search_term_string"}}],"inLanguage":"en-US"}]}},"_links":{"self":[{"href":"https:\/\/www.keemiatoostus.ee\/en\/wp-json\/wp\/v2\/pages\/631","targetHints":{"allow":["GET"]}}],"collection":[{"href":"https:\/\/www.keemiatoostus.ee\/en\/wp-json\/wp\/v2\/pages"}],"about":[{"href":"https:\/\/www.keemiatoostus.ee\/en\/wp-json\/wp\/v2\/types\/page"}],"author":[{"embeddable":true,"href":"https:\/\/www.keemiatoostus.ee\/en\/wp-json\/wp\/v2\/users\/1"}],"replies":[{"embeddable":true,"href":"https:\/\/www.keemiatoostus.ee\/en\/wp-json\/wp\/v2\/comments?post=631"}],"version-history":[{"count":1,"href":"https:\/\/www.keemiatoostus.ee\/en\/wp-json\/wp\/v2\/pages\/631\/revisions"}],"predecessor-version":[{"id":641,"href":"https:\/\/www.keemiatoostus.ee\/en\/wp-json\/wp\/v2\/pages\/631\/revisions\/641"}],"up":[{"embeddable":true,"href":"https:\/\/www.keemiatoostus.ee\/en\/wp-json\/wp\/v2\/pages\/629"}],"wp:attachment":[{"href":"https:\/\/www.keemiatoostus.ee\/en\/wp-json\/wp\/v2\/media?parent=631"}],"curies":[{"name":"wp","href":"https:\/\/api.w.org\/{rel}","templated":true}]}}