{"id":632,"date":"2019-10-07T13:14:13","date_gmt":"2019-10-07T10:14:13","guid":{"rendered":"https:\/\/new.keemiatoostus.ee\/?page_id=632"},"modified":"2019-10-07T13:14:13","modified_gmt":"2019-10-07T10:14:13","slug":"partners","status":"publish","type":"page","link":"https:\/\/www.keemiatoostus.ee\/en\/about-the-company\/partners\/","title":{"rendered":"Partners"},"content":{"rendered":"<p>Kivi\u00f5li Keemiat\u00f6\u00f6stus collaborates with several science institutions:<\/p>\n<ul>\n<li>TalTech Department of Chemistry<\/li>\n<li>TalTech Oil Shale Competence Centre<\/li>\n<li>University of Tartu Institute of Chemistry<\/li>\n<li>Ida-Viru Vocational Education Centre<\/li>\n<li>Environmental Investment Centre<\/li>\n<\/ul>\n<p>&nbsp;<\/p>\n<p>Kivi\u00f5li Keemiat\u00f6\u00f6stus is an active member of the following organisations:<\/p>\n<ul>\n<li>Estonian Chemical Industry Association<\/li>\n<li>NPO Eesti M\u00e4eselts<\/li>\n<li>Estonian Power and Heat Association<\/li>\n<\/ul>\n","protected":false},"excerpt":{"rendered":"<p>Kivi\u00f5li Keemiat\u00f6\u00f6stus collaborates with several science institutions: TalTech Department of Chemistry TalTech Oil Shale Competence Centre University of Tartu Institute&hellip;<\/p>\n","protected":false},"author":1,"featured_media":0,"parent":629,"menu_order":2,"comment_status":"closed","ping_status":"closed","template":"","meta":{"footnotes":""},"class_list":["post-632","page","type-page","status-publish","hentry"],"yoast_head":"<!-- This site is optimized with the Yoast SEO plugin v25.9 - https:\/\/yoast.com\/wordpress\/plugins\/seo\/ -->\n<title>Partners - Kivi\u00f5li Keemiat\u00f6\u00f6stus<\/title>\n<meta name=\"robots\" content=\"index, follow, max-snippet:-1, max-image-preview:large, max-video-preview:-1\" \/>\n<link rel=\"canonical\" href=\"https:\/\/www.keemiatoostus.ee\/en\/about-the-company\/partners\/\" \/>\n<meta property=\"og:locale\" content=\"en_US\" \/>\n<meta property=\"og:type\" content=\"article\" \/>\n<meta property=\"og:title\" content=\"Partners - Kivi\u00f5li Keemiat\u00f6\u00f6stus\" \/>\n<meta property=\"og:description\" content=\"Kivi\u00f5li Keemiat\u00f6\u00f6stus collaborates with several science institutions: TalTech Department of Chemistry TalTech Oil Shale Competence Centre University of Tartu Institute&hellip;\" \/>\n<meta property=\"og:url\" content=\"https:\/\/www.keemiatoostus.ee\/en\/about-the-company\/partners\/\" \/>\n<meta property=\"og:site_name\" content=\"Kivi\u00f5li Keemiat\u00f6\u00f6stus\" \/>\n<meta name=\"twitter:card\" content=\"summary_large_image\" \/>\n<script type=\"application\/ld+json\" class=\"yoast-schema-graph\">{\"@context\":\"https:\/\/schema.org\",\"@graph\":[{\"@type\":\"WebPage\",\"@id\":\"https:\/\/www.keemiatoostus.ee\/en\/about-the-company\/partners\/\",\"url\":\"https:\/\/www.keemiatoostus.ee\/en\/about-the-company\/partners\/\",\"name\":\"Partners - Kivi\u00f5li Keemiat\u00f6\u00f6stus\",\"isPartOf\":{\"@id\":\"https:\/\/www.keemiatoostus.ee\/#website\"},\"datePublished\":\"2019-10-07T10:14:13+00:00\",\"breadcrumb\":{\"@id\":\"https:\/\/www.keemiatoostus.ee\/en\/about-the-company\/partners\/#breadcrumb\"},\"inLanguage\":\"en-US\",\"potentialAction\":[{\"@type\":\"ReadAction\",\"target\":[\"https:\/\/www.keemiatoostus.ee\/en\/about-the-company\/partners\/\"]}]},{\"@type\":\"BreadcrumbList\",\"@id\":\"https:\/\/www.keemiatoostus.ee\/en\/about-the-company\/partners\/#breadcrumb\",\"itemListElement\":[{\"@type\":\"ListItem\",\"position\":1,\"name\":\"Home\",\"item\":\"https:\/\/www.keemiatoostus.ee\/en\/\"},{\"@type\":\"ListItem\",\"position\":2,\"name\":\"About the company\",\"item\":\"https:\/\/www.keemiatoostus.ee\/en\/about-the-company\/\"},{\"@type\":\"ListItem\",\"position\":3,\"name\":\"Partners\"}]},{\"@type\":\"WebSite\",\"@id\":\"https:\/\/www.keemiatoostus.ee\/#website\",\"url\":\"https:\/\/www.keemiatoostus.ee\/\",\"name\":\"Kivi\u00f5li Keemiat\u00f6\u00f6stus\",\"description\":\"Iidne energia, uuenev tehnoloogia\",\"potentialAction\":[{\"@type\":\"SearchAction\",\"target\":{\"@type\":\"EntryPoint\",\"urlTemplate\":\"https:\/\/www.keemiatoostus.ee\/?s={search_term_string}\"},\"query-input\":{\"@type\":\"PropertyValueSpecification\",\"valueRequired\":true,\"valueName\":\"search_term_string\"}}],\"inLanguage\":\"en-US\"}]}<\/script>\n<!-- \/ Yoast SEO plugin. -->","yoast_head_json":{"title":"Partners - Kivi\u00f5li Keemiat\u00f6\u00f6stus","robots":{"index":"index","follow":"follow","max-snippet":"max-snippet:-1","max-image-preview":"max-image-preview:large","max-video-preview":"max-video-preview:-1"},"canonical":"https:\/\/www.keemiatoostus.ee\/en\/about-the-company\/partners\/","og_locale":"en_US","og_type":"article","og_title":"Partners - Kivi\u00f5li Keemiat\u00f6\u00f6stus","og_description":"Kivi\u00f5li Keemiat\u00f6\u00f6stus collaborates with several science institutions: TalTech Department of Chemistry TalTech Oil Shale Competence Centre University of Tartu Institute&hellip;","og_url":"https:\/\/www.keemiatoostus.ee\/en\/about-the-company\/partners\/","og_site_name":"Kivi\u00f5li Keemiat\u00f6\u00f6stus","twitter_card":"summary_large_image","schema":{"@context":"https:\/\/schema.org","@graph":[{"@type":"WebPage","@id":"https:\/\/www.keemiatoostus.ee\/en\/about-the-company\/partners\/","url":"https:\/\/www.keemiatoostus.ee\/en\/about-the-company\/partners\/","name":"Partners - Kivi\u00f5li Keemiat\u00f6\u00f6stus","isPartOf":{"@id":"https:\/\/www.keemiatoostus.ee\/#website"},"datePublished":"2019-10-07T10:14:13+00:00","breadcrumb":{"@id":"https:\/\/www.keemiatoostus.ee\/en\/about-the-company\/partners\/#breadcrumb"},"inLanguage":"en-US","potentialAction":[{"@type":"ReadAction","target":["https:\/\/www.keemiatoostus.ee\/en\/about-the-company\/partners\/"]}]},{"@type":"BreadcrumbList","@id":"https:\/\/www.keemiatoostus.ee\/en\/about-the-company\/partners\/#breadcrumb","itemListElement":[{"@type":"ListItem","position":1,"name":"Home","item":"https:\/\/www.keemiatoostus.ee\/en\/"},{"@type":"ListItem","position":2,"name":"About the company","item":"https:\/\/www.keemiatoostus.ee\/en\/about-the-company\/"},{"@type":"ListItem","position":3,"name":"Partners"}]},{"@type":"WebSite","@id":"https:\/\/www.keemiatoostus.ee\/#website","url":"https:\/\/www.keemiatoostus.ee\/","name":"Kivi\u00f5li Keemiat\u00f6\u00f6stus","description":"Iidne energia, uuenev tehnoloogia","potentialAction":[{"@type":"SearchAction","target":{"@type":"EntryPoint","urlTemplate":"https:\/\/www.keemiatoostus.ee\/?s={search_term_string}"},"query-input":{"@type":"PropertyValueSpecification","valueRequired":true,"valueName":"search_term_string"}}],"inLanguage":"en-US"}]}},"_links":{"self":[{"href":"https:\/\/www.keemiatoostus.ee\/en\/wp-json\/wp\/v2\/pages\/632","targetHints":{"allow":["GET"]}}],"collection":[{"href":"https:\/\/www.keemiatoostus.ee\/en\/wp-json\/wp\/v2\/pages"}],"about":[{"href":"https:\/\/www.keemiatoostus.ee\/en\/wp-json\/wp\/v2\/types\/page"}],"author":[{"embeddable":true,"href":"https:\/\/www.keemiatoostus.ee\/en\/wp-json\/wp\/v2\/users\/1"}],"replies":[{"embeddable":true,"href":"https:\/\/www.keemiatoostus.ee\/en\/wp-json\/wp\/v2\/comments?post=632"}],"version-history":[{"count":1,"href":"https:\/\/www.keemiatoostus.ee\/en\/wp-json\/wp\/v2\/pages\/632\/revisions"}],"predecessor-version":[{"id":642,"href":"https:\/\/www.keemiatoostus.ee\/en\/wp-json\/wp\/v2\/pages\/632\/revisions\/642"}],"up":[{"embeddable":true,"href":"https:\/\/www.keemiatoostus.ee\/en\/wp-json\/wp\/v2\/pages\/629"}],"wp:attachment":[{"href":"https:\/\/www.keemiatoostus.ee\/en\/wp-json\/wp\/v2\/media?parent=632"}],"curies":[{"name":"wp","href":"https:\/\/api.w.org\/{rel}","templated":true}]}}