{"id":633,"date":"2019-10-07T13:14:42","date_gmt":"2019-10-07T10:14:42","guid":{"rendered":"https:\/\/new.keemiatoostus.ee\/?page_id=633"},"modified":"2024-10-24T15:27:14","modified_gmt":"2024-10-24T12:27:14","slug":"safety-information","status":"publish","type":"page","link":"https:\/\/www.keemiatoostus.ee\/en\/about-the-company\/safety-information\/","title":{"rendered":"Safety information"},"content":{"rendered":"<p>KKT is a company with a category A major accident risk due to processing shale oil. The main risk factors in a company handling shale oil are a fire, a chemical accident or an explosion.<\/p>\n<p>KKT cooperates with the Eastern Rescue Centre to ensure the necessary actions in the event of a major accident and reduce the consequences of a possible accident. The company takes all possible measures to avoid any accidents and, if necessary, acts pursuant to the emergency plan prepared in collaboration with the Rescue Board.<\/p>\n<p>In the event of an emergency, Kivi\u00f5li Keemiat\u00f6\u00f6stus will immediately inform the Rescue Board, the Environmental Board, the media as well as the general public via its website.<\/p>\n<p><strong>How to behave in the event of an accident<\/strong><\/p>\n<ul>\n<li>If you are outside, move away from the danger zone in a crosswind direction.<\/li>\n<li>If you are indoors, close windows, doors and ventilation shafts to stop the poisonous smoke spread by the wind from entering the room; move out of indoor rooms in the danger zone.<\/li>\n<li>If you are in a car, close the windows and doors, turn off ventilation.<\/li>\n<\/ul>\n<p><strong>Giving first aid<\/strong><\/p>\n<ul>\n<li>Inform the emergency centre by calling 112 or the dispatcher at 527 (+372 5553 3527).<\/li>\n<li>If a person is suffering due to smoke inhalation, take them outside or to a room with clean air.<\/li>\n<li>Lay the injured person down and observe their condition until help arrives.<\/li>\n<\/ul>\n<p>Additional information on safety measures is available from the KKT working environment specialist at +372 5657 2514 <span class=\"Y2IQFc\" lang=\"en\">and from a fire safety specialist on +372 5358 6368.<\/span><\/p>\n","protected":false},"excerpt":{"rendered":"<p>KKT is a company with a category A major accident risk due to processing shale oil. The main risk factors&hellip;<\/p>\n","protected":false},"author":1,"featured_media":0,"parent":629,"menu_order":3,"comment_status":"closed","ping_status":"closed","template":"","meta":{"footnotes":""},"class_list":["post-633","page","type-page","status-publish","hentry"],"yoast_head":"<!-- This site is optimized with the Yoast SEO plugin v25.9 - https:\/\/yoast.com\/wordpress\/plugins\/seo\/ -->\n<title>Safety information - Kivi\u00f5li Keemiat\u00f6\u00f6stus<\/title>\n<meta name=\"robots\" content=\"index, follow, max-snippet:-1, max-image-preview:large, max-video-preview:-1\" \/>\n<link rel=\"canonical\" href=\"https:\/\/www.keemiatoostus.ee\/en\/about-the-company\/safety-information\/\" \/>\n<meta property=\"og:locale\" content=\"en_US\" \/>\n<meta property=\"og:type\" content=\"article\" \/>\n<meta property=\"og:title\" content=\"Safety information - Kivi\u00f5li Keemiat\u00f6\u00f6stus\" \/>\n<meta property=\"og:description\" content=\"KKT is a company with a category A major accident risk due to processing shale oil. The main risk factors&hellip;\" \/>\n<meta property=\"og:url\" content=\"https:\/\/www.keemiatoostus.ee\/en\/about-the-company\/safety-information\/\" \/>\n<meta property=\"og:site_name\" content=\"Kivi\u00f5li Keemiat\u00f6\u00f6stus\" \/>\n<meta property=\"article:modified_time\" content=\"2024-10-24T12:27:14+00:00\" \/>\n<meta name=\"twitter:card\" content=\"summary_large_image\" \/>\n<meta name=\"twitter:label1\" content=\"Est. reading time\" \/>\n\t<meta name=\"twitter:data1\" content=\"1 minute\" \/>\n<script type=\"application\/ld+json\" class=\"yoast-schema-graph\">{\"@context\":\"https:\/\/schema.org\",\"@graph\":[{\"@type\":\"WebPage\",\"@id\":\"https:\/\/www.keemiatoostus.ee\/en\/about-the-company\/safety-information\/\",\"url\":\"https:\/\/www.keemiatoostus.ee\/en\/about-the-company\/safety-information\/\",\"name\":\"Safety information - Kivi\u00f5li Keemiat\u00f6\u00f6stus\",\"isPartOf\":{\"@id\":\"https:\/\/www.keemiatoostus.ee\/#website\"},\"datePublished\":\"2019-10-07T10:14:42+00:00\",\"dateModified\":\"2024-10-24T12:27:14+00:00\",\"breadcrumb\":{\"@id\":\"https:\/\/www.keemiatoostus.ee\/en\/about-the-company\/safety-information\/#breadcrumb\"},\"inLanguage\":\"en-US\",\"potentialAction\":[{\"@type\":\"ReadAction\",\"target\":[\"https:\/\/www.keemiatoostus.ee\/en\/about-the-company\/safety-information\/\"]}]},{\"@type\":\"BreadcrumbList\",\"@id\":\"https:\/\/www.keemiatoostus.ee\/en\/about-the-company\/safety-information\/#breadcrumb\",\"itemListElement\":[{\"@type\":\"ListItem\",\"position\":1,\"name\":\"Home\",\"item\":\"https:\/\/www.keemiatoostus.ee\/en\/\"},{\"@type\":\"ListItem\",\"position\":2,\"name\":\"About the company\",\"item\":\"https:\/\/www.keemiatoostus.ee\/en\/about-the-company\/\"},{\"@type\":\"ListItem\",\"position\":3,\"name\":\"Safety information\"}]},{\"@type\":\"WebSite\",\"@id\":\"https:\/\/www.keemiatoostus.ee\/#website\",\"url\":\"https:\/\/www.keemiatoostus.ee\/\",\"name\":\"Kivi\u00f5li Keemiat\u00f6\u00f6stus\",\"description\":\"Iidne energia, uuenev tehnoloogia\",\"potentialAction\":[{\"@type\":\"SearchAction\",\"target\":{\"@type\":\"EntryPoint\",\"urlTemplate\":\"https:\/\/www.keemiatoostus.ee\/?s={search_term_string}\"},\"query-input\":{\"@type\":\"PropertyValueSpecification\",\"valueRequired\":true,\"valueName\":\"search_term_string\"}}],\"inLanguage\":\"en-US\"}]}<\/script>\n<!-- \/ Yoast SEO plugin. -->","yoast_head_json":{"title":"Safety information - Kivi\u00f5li Keemiat\u00f6\u00f6stus","robots":{"index":"index","follow":"follow","max-snippet":"max-snippet:-1","max-image-preview":"max-image-preview:large","max-video-preview":"max-video-preview:-1"},"canonical":"https:\/\/www.keemiatoostus.ee\/en\/about-the-company\/safety-information\/","og_locale":"en_US","og_type":"article","og_title":"Safety information - Kivi\u00f5li Keemiat\u00f6\u00f6stus","og_description":"KKT is a company with a category A major accident risk due to processing shale oil. The main risk factors&hellip;","og_url":"https:\/\/www.keemiatoostus.ee\/en\/about-the-company\/safety-information\/","og_site_name":"Kivi\u00f5li Keemiat\u00f6\u00f6stus","article_modified_time":"2024-10-24T12:27:14+00:00","twitter_card":"summary_large_image","twitter_misc":{"Est. reading time":"1 minute"},"schema":{"@context":"https:\/\/schema.org","@graph":[{"@type":"WebPage","@id":"https:\/\/www.keemiatoostus.ee\/en\/about-the-company\/safety-information\/","url":"https:\/\/www.keemiatoostus.ee\/en\/about-the-company\/safety-information\/","name":"Safety information - Kivi\u00f5li Keemiat\u00f6\u00f6stus","isPartOf":{"@id":"https:\/\/www.keemiatoostus.ee\/#website"},"datePublished":"2019-10-07T10:14:42+00:00","dateModified":"2024-10-24T12:27:14+00:00","breadcrumb":{"@id":"https:\/\/www.keemiatoostus.ee\/en\/about-the-company\/safety-information\/#breadcrumb"},"inLanguage":"en-US","potentialAction":[{"@type":"ReadAction","target":["https:\/\/www.keemiatoostus.ee\/en\/about-the-company\/safety-information\/"]}]},{"@type":"BreadcrumbList","@id":"https:\/\/www.keemiatoostus.ee\/en\/about-the-company\/safety-information\/#breadcrumb","itemListElement":[{"@type":"ListItem","position":1,"name":"Home","item":"https:\/\/www.keemiatoostus.ee\/en\/"},{"@type":"ListItem","position":2,"name":"About the company","item":"https:\/\/www.keemiatoostus.ee\/en\/about-the-company\/"},{"@type":"ListItem","position":3,"name":"Safety information"}]},{"@type":"WebSite","@id":"https:\/\/www.keemiatoostus.ee\/#website","url":"https:\/\/www.keemiatoostus.ee\/","name":"Kivi\u00f5li Keemiat\u00f6\u00f6stus","description":"Iidne energia, uuenev tehnoloogia","potentialAction":[{"@type":"SearchAction","target":{"@type":"EntryPoint","urlTemplate":"https:\/\/www.keemiatoostus.ee\/?s={search_term_string}"},"query-input":{"@type":"PropertyValueSpecification","valueRequired":true,"valueName":"search_term_string"}}],"inLanguage":"en-US"}]}},"_links":{"self":[{"href":"https:\/\/www.keemiatoostus.ee\/en\/wp-json\/wp\/v2\/pages\/633","targetHints":{"allow":["GET"]}}],"collection":[{"href":"https:\/\/www.keemiatoostus.ee\/en\/wp-json\/wp\/v2\/pages"}],"about":[{"href":"https:\/\/www.keemiatoostus.ee\/en\/wp-json\/wp\/v2\/types\/page"}],"author":[{"embeddable":true,"href":"https:\/\/www.keemiatoostus.ee\/en\/wp-json\/wp\/v2\/users\/1"}],"replies":[{"embeddable":true,"href":"https:\/\/www.keemiatoostus.ee\/en\/wp-json\/wp\/v2\/comments?post=633"}],"version-history":[{"count":3,"href":"https:\/\/www.keemiatoostus.ee\/en\/wp-json\/wp\/v2\/pages\/633\/revisions"}],"predecessor-version":[{"id":1550,"href":"https:\/\/www.keemiatoostus.ee\/en\/wp-json\/wp\/v2\/pages\/633\/revisions\/1550"}],"up":[{"embeddable":true,"href":"https:\/\/www.keemiatoostus.ee\/en\/wp-json\/wp\/v2\/pages\/629"}],"wp:attachment":[{"href":"https:\/\/www.keemiatoostus.ee\/en\/wp-json\/wp\/v2\/media?parent=633"}],"curies":[{"name":"wp","href":"https:\/\/api.w.org\/{rel}","templated":true}]}}