{"id":681,"date":"2019-10-07T13:42:53","date_gmt":"2019-10-07T10:42:53","guid":{"rendered":"https:\/\/new.keemiatoostus.ee\/?page_id=681"},"modified":"2019-10-07T13:42:53","modified_gmt":"2019-10-07T10:42:53","slug":"for-the-community","status":"publish","type":"page","link":"https:\/\/www.keemiatoostus.ee\/en\/for-the-community\/","title":{"rendered":"For the community"},"content":{"rendered":"<p>KKT continues to contribute to the development of the community and supports several significant initiatives, mainly directed at young people.<\/p>\n<p><strong>Education<\/strong><\/p>\n<p>Each year, KKT supports the excellent students of TalTech Virumaa College with a grant.<\/p>\n<p><strong>Environment<\/strong><\/p>\n<p>KKT aims to reduce the environmental effect of production and for this purpose, several major investments into upgrading technologies and equipment have been made in recent years.<\/p>\n<p><strong>Employees of the company<\/strong><\/p>\n<p>KKT values its employees highly and cares for their safety and health. All employees of the company have joined the collective agreement.<\/p>\n<p>In summer, the KKT employees and their families meet up for two days for the company\u2019s summer outing at a scenic location in Estonia.<\/p>\n<p><strong>Local community<\/strong><\/p>\n<p>KKT collaborates with the rural municipality government of L\u00fcganuse. Every year, KKT sponsors the L\u00fcganuse Community Day and one of the most important events in the region, the PurFest festival dedicated to the Purtse river. KKT also sponsors several public events in Kivi\u00f5li, Sonda and L\u00fcganuse and the company is additionally a long-time supporter of the Kivi\u00f5li Adventure Centre.<\/p>\n<p><strong>Young people<\/strong><\/p>\n<p>KKT sponsors the Kivi\u00f5li football club Irbis, where almost one hundred kids from Kivi\u00f5li, Aseri, Maidla and elsewhere train. KKT also supports the promising young runner Luna-Aleksandra Ladoga. The company helps to organise summer youth camps in Kivi\u00f5li.<\/p>\n","protected":false},"excerpt":{"rendered":"<p>KKT continues to contribute to the development of the community and supports several significant initiatives, mainly directed at young people.&hellip;<\/p>\n","protected":false},"author":1,"featured_media":0,"parent":0,"menu_order":0,"comment_status":"closed","ping_status":"closed","template":"","meta":{"footnotes":""},"class_list":["post-681","page","type-page","status-publish","hentry"],"yoast_head":"<!-- This site is optimized with the Yoast SEO plugin v25.9 - https:\/\/yoast.com\/wordpress\/plugins\/seo\/ -->\n<title>For the community - Kivi\u00f5li Keemiat\u00f6\u00f6stus<\/title>\n<meta name=\"robots\" content=\"index, follow, max-snippet:-1, max-image-preview:large, max-video-preview:-1\" \/>\n<link rel=\"canonical\" href=\"https:\/\/www.keemiatoostus.ee\/en\/for-the-community\/\" \/>\n<meta property=\"og:locale\" content=\"en_US\" \/>\n<meta property=\"og:type\" content=\"article\" \/>\n<meta property=\"og:title\" content=\"For the community - Kivi\u00f5li Keemiat\u00f6\u00f6stus\" \/>\n<meta property=\"og:description\" content=\"KKT continues to contribute to the development of the community and supports several significant initiatives, mainly directed at young people.&hellip;\" \/>\n<meta property=\"og:url\" content=\"https:\/\/www.keemiatoostus.ee\/en\/for-the-community\/\" \/>\n<meta property=\"og:site_name\" content=\"Kivi\u00f5li Keemiat\u00f6\u00f6stus\" \/>\n<meta name=\"twitter:card\" content=\"summary_large_image\" \/>\n<meta name=\"twitter:label1\" content=\"Est. reading time\" \/>\n\t<meta name=\"twitter:data1\" content=\"1 minute\" \/>\n<script type=\"application\/ld+json\" class=\"yoast-schema-graph\">{\"@context\":\"https:\/\/schema.org\",\"@graph\":[{\"@type\":\"WebPage\",\"@id\":\"https:\/\/www.keemiatoostus.ee\/en\/for-the-community\/\",\"url\":\"https:\/\/www.keemiatoostus.ee\/en\/for-the-community\/\",\"name\":\"For the community - Kivi\u00f5li Keemiat\u00f6\u00f6stus\",\"isPartOf\":{\"@id\":\"https:\/\/www.keemiatoostus.ee\/#website\"},\"datePublished\":\"2019-10-07T10:42:53+00:00\",\"breadcrumb\":{\"@id\":\"https:\/\/www.keemiatoostus.ee\/en\/for-the-community\/#breadcrumb\"},\"inLanguage\":\"en-US\",\"potentialAction\":[{\"@type\":\"ReadAction\",\"target\":[\"https:\/\/www.keemiatoostus.ee\/en\/for-the-community\/\"]}]},{\"@type\":\"BreadcrumbList\",\"@id\":\"https:\/\/www.keemiatoostus.ee\/en\/for-the-community\/#breadcrumb\",\"itemListElement\":[{\"@type\":\"ListItem\",\"position\":1,\"name\":\"Home\",\"item\":\"https:\/\/www.keemiatoostus.ee\/en\/\"},{\"@type\":\"ListItem\",\"position\":2,\"name\":\"For the community\"}]},{\"@type\":\"WebSite\",\"@id\":\"https:\/\/www.keemiatoostus.ee\/#website\",\"url\":\"https:\/\/www.keemiatoostus.ee\/\",\"name\":\"Kivi\u00f5li Keemiat\u00f6\u00f6stus\",\"description\":\"Iidne energia, uuenev tehnoloogia\",\"potentialAction\":[{\"@type\":\"SearchAction\",\"target\":{\"@type\":\"EntryPoint\",\"urlTemplate\":\"https:\/\/www.keemiatoostus.ee\/?s={search_term_string}\"},\"query-input\":{\"@type\":\"PropertyValueSpecification\",\"valueRequired\":true,\"valueName\":\"search_term_string\"}}],\"inLanguage\":\"en-US\"}]}<\/script>\n<!-- \/ Yoast SEO plugin. -->","yoast_head_json":{"title":"For the community - Kivi\u00f5li Keemiat\u00f6\u00f6stus","robots":{"index":"index","follow":"follow","max-snippet":"max-snippet:-1","max-image-preview":"max-image-preview:large","max-video-preview":"max-video-preview:-1"},"canonical":"https:\/\/www.keemiatoostus.ee\/en\/for-the-community\/","og_locale":"en_US","og_type":"article","og_title":"For the community - Kivi\u00f5li Keemiat\u00f6\u00f6stus","og_description":"KKT continues to contribute to the development of the community and supports several significant initiatives, mainly directed at young people.&hellip;","og_url":"https:\/\/www.keemiatoostus.ee\/en\/for-the-community\/","og_site_name":"Kivi\u00f5li Keemiat\u00f6\u00f6stus","twitter_card":"summary_large_image","twitter_misc":{"Est. reading time":"1 minute"},"schema":{"@context":"https:\/\/schema.org","@graph":[{"@type":"WebPage","@id":"https:\/\/www.keemiatoostus.ee\/en\/for-the-community\/","url":"https:\/\/www.keemiatoostus.ee\/en\/for-the-community\/","name":"For the community - Kivi\u00f5li Keemiat\u00f6\u00f6stus","isPartOf":{"@id":"https:\/\/www.keemiatoostus.ee\/#website"},"datePublished":"2019-10-07T10:42:53+00:00","breadcrumb":{"@id":"https:\/\/www.keemiatoostus.ee\/en\/for-the-community\/#breadcrumb"},"inLanguage":"en-US","potentialAction":[{"@type":"ReadAction","target":["https:\/\/www.keemiatoostus.ee\/en\/for-the-community\/"]}]},{"@type":"BreadcrumbList","@id":"https:\/\/www.keemiatoostus.ee\/en\/for-the-community\/#breadcrumb","itemListElement":[{"@type":"ListItem","position":1,"name":"Home","item":"https:\/\/www.keemiatoostus.ee\/en\/"},{"@type":"ListItem","position":2,"name":"For the community"}]},{"@type":"WebSite","@id":"https:\/\/www.keemiatoostus.ee\/#website","url":"https:\/\/www.keemiatoostus.ee\/","name":"Kivi\u00f5li Keemiat\u00f6\u00f6stus","description":"Iidne energia, uuenev tehnoloogia","potentialAction":[{"@type":"SearchAction","target":{"@type":"EntryPoint","urlTemplate":"https:\/\/www.keemiatoostus.ee\/?s={search_term_string}"},"query-input":{"@type":"PropertyValueSpecification","valueRequired":true,"valueName":"search_term_string"}}],"inLanguage":"en-US"}]}},"_links":{"self":[{"href":"https:\/\/www.keemiatoostus.ee\/en\/wp-json\/wp\/v2\/pages\/681","targetHints":{"allow":["GET"]}}],"collection":[{"href":"https:\/\/www.keemiatoostus.ee\/en\/wp-json\/wp\/v2\/pages"}],"about":[{"href":"https:\/\/www.keemiatoostus.ee\/en\/wp-json\/wp\/v2\/types\/page"}],"author":[{"embeddable":true,"href":"https:\/\/www.keemiatoostus.ee\/en\/wp-json\/wp\/v2\/users\/1"}],"replies":[{"embeddable":true,"href":"https:\/\/www.keemiatoostus.ee\/en\/wp-json\/wp\/v2\/comments?post=681"}],"version-history":[{"count":1,"href":"https:\/\/www.keemiatoostus.ee\/en\/wp-json\/wp\/v2\/pages\/681\/revisions"}],"predecessor-version":[{"id":682,"href":"https:\/\/www.keemiatoostus.ee\/en\/wp-json\/wp\/v2\/pages\/681\/revisions\/682"}],"wp:attachment":[{"href":"https:\/\/www.keemiatoostus.ee\/en\/wp-json\/wp\/v2\/media?parent=681"}],"curies":[{"name":"wp","href":"https:\/\/api.w.org\/{rel}","templated":true}]}}