{"id":686,"date":"2019-10-07T13:47:48","date_gmt":"2019-10-07T10:47:48","guid":{"rendered":"https:\/\/new.keemiatoostus.ee\/?page_id=686"},"modified":"2019-10-07T13:48:09","modified_gmt":"2019-10-07T10:48:09","slug":"recruitment-bonus","status":"publish","type":"page","link":"https:\/\/www.keemiatoostus.ee\/en\/for-the-employee\/recruitment-bonus\/","title":{"rendered":"Recruitment bonus"},"content":{"rendered":"<p><strong>\u201cINVITE YOUR FRIEND TO WORK AT KIVI\u00d5LI KEEMIAT\u00d6\u00d6STUS\u201d<\/strong><\/p>\n<p>If you are a contractual employee of Kivi\u00f5li Keemiat\u00f6\u00f6stus and you have a friend or an acquaintance who would like to join our team, recommend them to the employer.<\/p>\n<p>The person who recommends the new employee will receive a bonus by way of gratitude. The recruitment bonus is paid to the contractual employee based on whose recommendation a vacancy is filled with an employee recruited from outside the company.<\/p>\n<p>If you have a friend who is looking for solid work and a good employer, tell them about your work and employer and suggest that they apply to work at Kivi\u00f5li Keemiat\u00f6\u00f6stus.<\/p>\n<p>Your friend then needs to come to the Kivi\u00f5li Keemiat\u00f6\u00f6stus personnel department and fill in a form. Your friend will list you as the recommender on the form. If your friend passes all the recruitment procedures and signs an employment contract, and after having successfully worked for us for four months, the recruitment bonus will be added to your salary.<\/p>\n<p>More information on the recruitment bonus is available from the personnel department at +372 685 0325.<\/p>\n","protected":false},"excerpt":{"rendered":"<p>\u201cINVITE YOUR FRIEND TO WORK AT KIVI\u00d5LI KEEMIAT\u00d6\u00d6STUS\u201d If you are a contractual employee of Kivi\u00f5li Keemiat\u00f6\u00f6stus and you have&hellip;<\/p>\n","protected":false},"author":1,"featured_media":0,"parent":684,"menu_order":2,"comment_status":"closed","ping_status":"closed","template":"","meta":{"footnotes":""},"class_list":["post-686","page","type-page","status-publish","hentry"],"yoast_head":"<!-- This site is optimized with the Yoast SEO plugin v25.9 - https:\/\/yoast.com\/wordpress\/plugins\/seo\/ -->\n<title>Recruitment bonus - Kivi\u00f5li Keemiat\u00f6\u00f6stus<\/title>\n<meta name=\"robots\" content=\"index, follow, max-snippet:-1, max-image-preview:large, max-video-preview:-1\" \/>\n<link rel=\"canonical\" href=\"https:\/\/www.keemiatoostus.ee\/en\/for-the-employee\/recruitment-bonus\/\" \/>\n<meta property=\"og:locale\" content=\"en_US\" \/>\n<meta property=\"og:type\" content=\"article\" \/>\n<meta property=\"og:title\" content=\"Recruitment bonus - Kivi\u00f5li Keemiat\u00f6\u00f6stus\" \/>\n<meta property=\"og:description\" content=\"\u201cINVITE YOUR FRIEND TO WORK AT KIVI\u00d5LI KEEMIAT\u00d6\u00d6STUS\u201d If you are a contractual employee of Kivi\u00f5li Keemiat\u00f6\u00f6stus and you have&hellip;\" \/>\n<meta property=\"og:url\" content=\"https:\/\/www.keemiatoostus.ee\/en\/for-the-employee\/recruitment-bonus\/\" \/>\n<meta property=\"og:site_name\" content=\"Kivi\u00f5li Keemiat\u00f6\u00f6stus\" \/>\n<meta property=\"article:modified_time\" content=\"2019-10-07T10:48:09+00:00\" \/>\n<meta name=\"twitter:card\" content=\"summary_large_image\" \/>\n<meta name=\"twitter:label1\" content=\"Est. reading time\" \/>\n\t<meta name=\"twitter:data1\" content=\"1 minute\" \/>\n<script type=\"application\/ld+json\" class=\"yoast-schema-graph\">{\"@context\":\"https:\/\/schema.org\",\"@graph\":[{\"@type\":\"WebPage\",\"@id\":\"https:\/\/www.keemiatoostus.ee\/en\/for-the-employee\/recruitment-bonus\/\",\"url\":\"https:\/\/www.keemiatoostus.ee\/en\/for-the-employee\/recruitment-bonus\/\",\"name\":\"Recruitment bonus - Kivi\u00f5li Keemiat\u00f6\u00f6stus\",\"isPartOf\":{\"@id\":\"https:\/\/www.keemiatoostus.ee\/#website\"},\"datePublished\":\"2019-10-07T10:47:48+00:00\",\"dateModified\":\"2019-10-07T10:48:09+00:00\",\"breadcrumb\":{\"@id\":\"https:\/\/www.keemiatoostus.ee\/en\/for-the-employee\/recruitment-bonus\/#breadcrumb\"},\"inLanguage\":\"en-US\",\"potentialAction\":[{\"@type\":\"ReadAction\",\"target\":[\"https:\/\/www.keemiatoostus.ee\/en\/for-the-employee\/recruitment-bonus\/\"]}]},{\"@type\":\"BreadcrumbList\",\"@id\":\"https:\/\/www.keemiatoostus.ee\/en\/for-the-employee\/recruitment-bonus\/#breadcrumb\",\"itemListElement\":[{\"@type\":\"ListItem\",\"position\":1,\"name\":\"Home\",\"item\":\"https:\/\/www.keemiatoostus.ee\/en\/\"},{\"@type\":\"ListItem\",\"position\":2,\"name\":\"For the employee\",\"item\":\"https:\/\/www.keemiatoostus.ee\/en\/for-the-employee\/\"},{\"@type\":\"ListItem\",\"position\":3,\"name\":\"Recruitment bonus\"}]},{\"@type\":\"WebSite\",\"@id\":\"https:\/\/www.keemiatoostus.ee\/#website\",\"url\":\"https:\/\/www.keemiatoostus.ee\/\",\"name\":\"Kivi\u00f5li Keemiat\u00f6\u00f6stus\",\"description\":\"Iidne energia, uuenev tehnoloogia\",\"potentialAction\":[{\"@type\":\"SearchAction\",\"target\":{\"@type\":\"EntryPoint\",\"urlTemplate\":\"https:\/\/www.keemiatoostus.ee\/?s={search_term_string}\"},\"query-input\":{\"@type\":\"PropertyValueSpecification\",\"valueRequired\":true,\"valueName\":\"search_term_string\"}}],\"inLanguage\":\"en-US\"}]}<\/script>\n<!-- \/ Yoast SEO plugin. -->","yoast_head_json":{"title":"Recruitment bonus - Kivi\u00f5li Keemiat\u00f6\u00f6stus","robots":{"index":"index","follow":"follow","max-snippet":"max-snippet:-1","max-image-preview":"max-image-preview:large","max-video-preview":"max-video-preview:-1"},"canonical":"https:\/\/www.keemiatoostus.ee\/en\/for-the-employee\/recruitment-bonus\/","og_locale":"en_US","og_type":"article","og_title":"Recruitment bonus - Kivi\u00f5li Keemiat\u00f6\u00f6stus","og_description":"\u201cINVITE YOUR FRIEND TO WORK AT KIVI\u00d5LI KEEMIAT\u00d6\u00d6STUS\u201d If you are a contractual employee of Kivi\u00f5li Keemiat\u00f6\u00f6stus and you have&hellip;","og_url":"https:\/\/www.keemiatoostus.ee\/en\/for-the-employee\/recruitment-bonus\/","og_site_name":"Kivi\u00f5li Keemiat\u00f6\u00f6stus","article_modified_time":"2019-10-07T10:48:09+00:00","twitter_card":"summary_large_image","twitter_misc":{"Est. reading time":"1 minute"},"schema":{"@context":"https:\/\/schema.org","@graph":[{"@type":"WebPage","@id":"https:\/\/www.keemiatoostus.ee\/en\/for-the-employee\/recruitment-bonus\/","url":"https:\/\/www.keemiatoostus.ee\/en\/for-the-employee\/recruitment-bonus\/","name":"Recruitment bonus - Kivi\u00f5li Keemiat\u00f6\u00f6stus","isPartOf":{"@id":"https:\/\/www.keemiatoostus.ee\/#website"},"datePublished":"2019-10-07T10:47:48+00:00","dateModified":"2019-10-07T10:48:09+00:00","breadcrumb":{"@id":"https:\/\/www.keemiatoostus.ee\/en\/for-the-employee\/recruitment-bonus\/#breadcrumb"},"inLanguage":"en-US","potentialAction":[{"@type":"ReadAction","target":["https:\/\/www.keemiatoostus.ee\/en\/for-the-employee\/recruitment-bonus\/"]}]},{"@type":"BreadcrumbList","@id":"https:\/\/www.keemiatoostus.ee\/en\/for-the-employee\/recruitment-bonus\/#breadcrumb","itemListElement":[{"@type":"ListItem","position":1,"name":"Home","item":"https:\/\/www.keemiatoostus.ee\/en\/"},{"@type":"ListItem","position":2,"name":"For the employee","item":"https:\/\/www.keemiatoostus.ee\/en\/for-the-employee\/"},{"@type":"ListItem","position":3,"name":"Recruitment bonus"}]},{"@type":"WebSite","@id":"https:\/\/www.keemiatoostus.ee\/#website","url":"https:\/\/www.keemiatoostus.ee\/","name":"Kivi\u00f5li Keemiat\u00f6\u00f6stus","description":"Iidne energia, uuenev tehnoloogia","potentialAction":[{"@type":"SearchAction","target":{"@type":"EntryPoint","urlTemplate":"https:\/\/www.keemiatoostus.ee\/?s={search_term_string}"},"query-input":{"@type":"PropertyValueSpecification","valueRequired":true,"valueName":"search_term_string"}}],"inLanguage":"en-US"}]}},"_links":{"self":[{"href":"https:\/\/www.keemiatoostus.ee\/en\/wp-json\/wp\/v2\/pages\/686","targetHints":{"allow":["GET"]}}],"collection":[{"href":"https:\/\/www.keemiatoostus.ee\/en\/wp-json\/wp\/v2\/pages"}],"about":[{"href":"https:\/\/www.keemiatoostus.ee\/en\/wp-json\/wp\/v2\/types\/page"}],"author":[{"embeddable":true,"href":"https:\/\/www.keemiatoostus.ee\/en\/wp-json\/wp\/v2\/users\/1"}],"replies":[{"embeddable":true,"href":"https:\/\/www.keemiatoostus.ee\/en\/wp-json\/wp\/v2\/comments?post=686"}],"version-history":[{"count":2,"href":"https:\/\/www.keemiatoostus.ee\/en\/wp-json\/wp\/v2\/pages\/686\/revisions"}],"predecessor-version":[{"id":696,"href":"https:\/\/www.keemiatoostus.ee\/en\/wp-json\/wp\/v2\/pages\/686\/revisions\/696"}],"up":[{"embeddable":true,"href":"https:\/\/www.keemiatoostus.ee\/en\/wp-json\/wp\/v2\/pages\/684"}],"wp:attachment":[{"href":"https:\/\/www.keemiatoostus.ee\/en\/wp-json\/wp\/v2\/media?parent=686"}],"curies":[{"name":"wp","href":"https:\/\/api.w.org\/{rel}","templated":true}]}}