{"id":689,"date":"2019-10-07T13:50:03","date_gmt":"2019-10-07T10:50:03","guid":{"rendered":"https:\/\/new.keemiatoostus.ee\/?page_id=689"},"modified":"2019-10-07T13:50:03","modified_gmt":"2019-10-07T10:50:03","slug":"trade-union","status":"publish","type":"page","link":"https:\/\/www.keemiatoostus.ee\/en\/for-the-employee\/trade-union\/","title":{"rendered":"Trade union"},"content":{"rendered":"<p>Kivi\u00f5li Keemiat\u00f6\u00f6stus works with the Kivi\u00f5li Keemikute Ameti\u00fching (Kivi\u00f5li Chemist Association) and a collective agreement has been concluded.<\/p>\n<p>The head trustee elected by the association is Jevgeni Solovjov, tel. <a href=\"Tel.:+37255533452\">5553 3452<\/a>, e-mail: <a href=\"mailto:ametiuhing@keemiatoostus.ee\">ametiuhing@keemiatoostus.ee<\/a><\/p>\n","protected":false},"excerpt":{"rendered":"<p>Kivi\u00f5li Keemiat\u00f6\u00f6stus works with the Kivi\u00f5li Keemikute Ameti\u00fching (Kivi\u00f5li Chemist Association) and a collective agreement has been concluded. The head&hellip;<\/p>\n","protected":false},"author":1,"featured_media":0,"parent":684,"menu_order":5,"comment_status":"closed","ping_status":"closed","template":"","meta":{"footnotes":""},"class_list":["post-689","page","type-page","status-publish","hentry"],"yoast_head":"<!-- This site is optimized with the Yoast SEO plugin v25.9 - https:\/\/yoast.com\/wordpress\/plugins\/seo\/ -->\n<title>Trade union - Kivi\u00f5li Keemiat\u00f6\u00f6stus<\/title>\n<meta name=\"robots\" content=\"index, follow, max-snippet:-1, max-image-preview:large, max-video-preview:-1\" \/>\n<link rel=\"canonical\" href=\"https:\/\/www.keemiatoostus.ee\/tootajale\/ametiuhing\/\" \/>\n<meta property=\"og:locale\" content=\"en_US\" \/>\n<meta property=\"og:type\" content=\"article\" \/>\n<meta property=\"og:title\" content=\"Trade union - Kivi\u00f5li Keemiat\u00f6\u00f6stus\" \/>\n<meta property=\"og:description\" content=\"Kivi\u00f5li Keemiat\u00f6\u00f6stus works with the Kivi\u00f5li Keemikute Ameti\u00fching (Kivi\u00f5li Chemist Association) and a collective agreement has been concluded. The head&hellip;\" \/>\n<meta property=\"og:url\" content=\"https:\/\/www.keemiatoostus.ee\/tootajale\/ametiuhing\/\" \/>\n<meta property=\"og:site_name\" content=\"Kivi\u00f5li Keemiat\u00f6\u00f6stus\" \/>\n<meta name=\"twitter:card\" content=\"summary_large_image\" \/>\n<script type=\"application\/ld+json\" class=\"yoast-schema-graph\">{\"@context\":\"https:\/\/schema.org\",\"@graph\":[{\"@type\":\"WebPage\",\"@id\":\"https:\/\/www.keemiatoostus.ee\/tootajale\/ametiuhing\/\",\"url\":\"https:\/\/www.keemiatoostus.ee\/tootajale\/ametiuhing\/\",\"name\":\"Trade union - Kivi\u00f5li Keemiat\u00f6\u00f6stus\",\"isPartOf\":{\"@id\":\"https:\/\/www.keemiatoostus.ee\/#website\"},\"datePublished\":\"2019-10-07T10:50:03+00:00\",\"breadcrumb\":{\"@id\":\"https:\/\/www.keemiatoostus.ee\/tootajale\/ametiuhing\/#breadcrumb\"},\"inLanguage\":\"en-US\",\"potentialAction\":[{\"@type\":\"ReadAction\",\"target\":[\"https:\/\/www.keemiatoostus.ee\/tootajale\/ametiuhing\/\"]}]},{\"@type\":\"BreadcrumbList\",\"@id\":\"https:\/\/www.keemiatoostus.ee\/tootajale\/ametiuhing\/#breadcrumb\",\"itemListElement\":[{\"@type\":\"ListItem\",\"position\":1,\"name\":\"Home\",\"item\":\"https:\/\/www.keemiatoostus.ee\/en\/\"},{\"@type\":\"ListItem\",\"position\":2,\"name\":\"For the employee\",\"item\":\"https:\/\/www.keemiatoostus.ee\/en\/for-the-employee\/\"},{\"@type\":\"ListItem\",\"position\":3,\"name\":\"Trade union\"}]},{\"@type\":\"WebSite\",\"@id\":\"https:\/\/www.keemiatoostus.ee\/#website\",\"url\":\"https:\/\/www.keemiatoostus.ee\/\",\"name\":\"Kivi\u00f5li Keemiat\u00f6\u00f6stus\",\"description\":\"Iidne energia, uuenev tehnoloogia\",\"potentialAction\":[{\"@type\":\"SearchAction\",\"target\":{\"@type\":\"EntryPoint\",\"urlTemplate\":\"https:\/\/www.keemiatoostus.ee\/?s={search_term_string}\"},\"query-input\":{\"@type\":\"PropertyValueSpecification\",\"valueRequired\":true,\"valueName\":\"search_term_string\"}}],\"inLanguage\":\"en-US\"}]}<\/script>\n<!-- \/ Yoast SEO plugin. -->","yoast_head_json":{"title":"Trade union - Kivi\u00f5li Keemiat\u00f6\u00f6stus","robots":{"index":"index","follow":"follow","max-snippet":"max-snippet:-1","max-image-preview":"max-image-preview:large","max-video-preview":"max-video-preview:-1"},"canonical":"https:\/\/www.keemiatoostus.ee\/tootajale\/ametiuhing\/","og_locale":"en_US","og_type":"article","og_title":"Trade union - Kivi\u00f5li Keemiat\u00f6\u00f6stus","og_description":"Kivi\u00f5li Keemiat\u00f6\u00f6stus works with the Kivi\u00f5li Keemikute Ameti\u00fching (Kivi\u00f5li Chemist Association) and a collective agreement has been concluded. The head&hellip;","og_url":"https:\/\/www.keemiatoostus.ee\/tootajale\/ametiuhing\/","og_site_name":"Kivi\u00f5li Keemiat\u00f6\u00f6stus","twitter_card":"summary_large_image","schema":{"@context":"https:\/\/schema.org","@graph":[{"@type":"WebPage","@id":"https:\/\/www.keemiatoostus.ee\/tootajale\/ametiuhing\/","url":"https:\/\/www.keemiatoostus.ee\/tootajale\/ametiuhing\/","name":"Trade union - Kivi\u00f5li Keemiat\u00f6\u00f6stus","isPartOf":{"@id":"https:\/\/www.keemiatoostus.ee\/#website"},"datePublished":"2019-10-07T10:50:03+00:00","breadcrumb":{"@id":"https:\/\/www.keemiatoostus.ee\/tootajale\/ametiuhing\/#breadcrumb"},"inLanguage":"en-US","potentialAction":[{"@type":"ReadAction","target":["https:\/\/www.keemiatoostus.ee\/tootajale\/ametiuhing\/"]}]},{"@type":"BreadcrumbList","@id":"https:\/\/www.keemiatoostus.ee\/tootajale\/ametiuhing\/#breadcrumb","itemListElement":[{"@type":"ListItem","position":1,"name":"Home","item":"https:\/\/www.keemiatoostus.ee\/en\/"},{"@type":"ListItem","position":2,"name":"For the employee","item":"https:\/\/www.keemiatoostus.ee\/en\/for-the-employee\/"},{"@type":"ListItem","position":3,"name":"Trade union"}]},{"@type":"WebSite","@id":"https:\/\/www.keemiatoostus.ee\/#website","url":"https:\/\/www.keemiatoostus.ee\/","name":"Kivi\u00f5li Keemiat\u00f6\u00f6stus","description":"Iidne energia, uuenev tehnoloogia","potentialAction":[{"@type":"SearchAction","target":{"@type":"EntryPoint","urlTemplate":"https:\/\/www.keemiatoostus.ee\/?s={search_term_string}"},"query-input":{"@type":"PropertyValueSpecification","valueRequired":true,"valueName":"search_term_string"}}],"inLanguage":"en-US"}]}},"_links":{"self":[{"href":"https:\/\/www.keemiatoostus.ee\/en\/wp-json\/wp\/v2\/pages\/689","targetHints":{"allow":["GET"]}}],"collection":[{"href":"https:\/\/www.keemiatoostus.ee\/en\/wp-json\/wp\/v2\/pages"}],"about":[{"href":"https:\/\/www.keemiatoostus.ee\/en\/wp-json\/wp\/v2\/types\/page"}],"author":[{"embeddable":true,"href":"https:\/\/www.keemiatoostus.ee\/en\/wp-json\/wp\/v2\/users\/1"}],"replies":[{"embeddable":true,"href":"https:\/\/www.keemiatoostus.ee\/en\/wp-json\/wp\/v2\/comments?post=689"}],"version-history":[{"count":1,"href":"https:\/\/www.keemiatoostus.ee\/en\/wp-json\/wp\/v2\/pages\/689\/revisions"}],"predecessor-version":[{"id":699,"href":"https:\/\/www.keemiatoostus.ee\/en\/wp-json\/wp\/v2\/pages\/689\/revisions\/699"}],"up":[{"embeddable":true,"href":"https:\/\/www.keemiatoostus.ee\/en\/wp-json\/wp\/v2\/pages\/684"}],"wp:attachment":[{"href":"https:\/\/www.keemiatoostus.ee\/en\/wp-json\/wp\/v2\/media?parent=689"}],"curies":[{"name":"wp","href":"https:\/\/api.w.org\/{rel}","templated":true}]}}