{"id":691,"date":"2019-10-07T13:53:22","date_gmt":"2019-10-07T10:53:22","guid":{"rendered":"https:\/\/new.keemiatoostus.ee\/?page_id=691"},"modified":"2019-10-07T13:53:22","modified_gmt":"2019-10-07T10:53:22","slug":"bus-schedules","status":"publish","type":"page","link":"https:\/\/www.keemiatoostus.ee\/en\/for-the-employee\/bus-schedules\/","title":{"rendered":"Bus schedules"},"content":{"rendered":"<p>The attachment provides the schedules for buses that take our employees to and from work.<\/p>\n<p><a href=\"https:\/\/new.keemiatoostus.ee\/wp-content\/uploads\/2019\/10\/Bus_Schedule_ENG.pdf\" target=\"_blank\" rel=\"noopener noreferrer\">Bus_Schedule_ENG.PDF<\/a><\/p>\n","protected":false},"excerpt":{"rendered":"<p>The attachment provides the schedules for buses that take our employees to and from work. Bus_Schedule_ENG.PDF<\/p>\n","protected":false},"author":1,"featured_media":0,"parent":684,"menu_order":6,"comment_status":"closed","ping_status":"closed","template":"","meta":{"footnotes":""},"class_list":["post-691","page","type-page","status-publish","hentry"],"yoast_head":"<!-- This site is optimized with the Yoast SEO plugin v25.9 - https:\/\/yoast.com\/wordpress\/plugins\/seo\/ -->\n<title>Bus schedules - Kivi\u00f5li Keemiat\u00f6\u00f6stus<\/title>\n<meta name=\"robots\" content=\"index, follow, max-snippet:-1, max-image-preview:large, max-video-preview:-1\" \/>\n<link rel=\"canonical\" href=\"https:\/\/www.keemiatoostus.ee\/en\/for-the-employee\/bus-schedules\/\" \/>\n<meta property=\"og:locale\" content=\"en_US\" \/>\n<meta property=\"og:type\" content=\"article\" \/>\n<meta property=\"og:title\" content=\"Bus schedules - Kivi\u00f5li Keemiat\u00f6\u00f6stus\" \/>\n<meta property=\"og:description\" content=\"The attachment provides the schedules for buses that take our employees to and from work. Bus_Schedule_ENG.PDF\" \/>\n<meta property=\"og:url\" content=\"https:\/\/www.keemiatoostus.ee\/en\/for-the-employee\/bus-schedules\/\" \/>\n<meta property=\"og:site_name\" content=\"Kivi\u00f5li Keemiat\u00f6\u00f6stus\" \/>\n<meta name=\"twitter:card\" content=\"summary_large_image\" \/>\n<script type=\"application\/ld+json\" class=\"yoast-schema-graph\">{\"@context\":\"https:\/\/schema.org\",\"@graph\":[{\"@type\":\"WebPage\",\"@id\":\"https:\/\/www.keemiatoostus.ee\/en\/for-the-employee\/bus-schedules\/\",\"url\":\"https:\/\/www.keemiatoostus.ee\/en\/for-the-employee\/bus-schedules\/\",\"name\":\"Bus schedules - Kivi\u00f5li Keemiat\u00f6\u00f6stus\",\"isPartOf\":{\"@id\":\"https:\/\/www.keemiatoostus.ee\/#website\"},\"datePublished\":\"2019-10-07T10:53:22+00:00\",\"breadcrumb\":{\"@id\":\"https:\/\/www.keemiatoostus.ee\/en\/for-the-employee\/bus-schedules\/#breadcrumb\"},\"inLanguage\":\"en-US\",\"potentialAction\":[{\"@type\":\"ReadAction\",\"target\":[\"https:\/\/www.keemiatoostus.ee\/en\/for-the-employee\/bus-schedules\/\"]}]},{\"@type\":\"BreadcrumbList\",\"@id\":\"https:\/\/www.keemiatoostus.ee\/en\/for-the-employee\/bus-schedules\/#breadcrumb\",\"itemListElement\":[{\"@type\":\"ListItem\",\"position\":1,\"name\":\"Home\",\"item\":\"https:\/\/www.keemiatoostus.ee\/en\/\"},{\"@type\":\"ListItem\",\"position\":2,\"name\":\"For the employee\",\"item\":\"https:\/\/www.keemiatoostus.ee\/en\/for-the-employee\/\"},{\"@type\":\"ListItem\",\"position\":3,\"name\":\"Bus schedules\"}]},{\"@type\":\"WebSite\",\"@id\":\"https:\/\/www.keemiatoostus.ee\/#website\",\"url\":\"https:\/\/www.keemiatoostus.ee\/\",\"name\":\"Kivi\u00f5li Keemiat\u00f6\u00f6stus\",\"description\":\"Iidne energia, uuenev tehnoloogia\",\"potentialAction\":[{\"@type\":\"SearchAction\",\"target\":{\"@type\":\"EntryPoint\",\"urlTemplate\":\"https:\/\/www.keemiatoostus.ee\/?s={search_term_string}\"},\"query-input\":{\"@type\":\"PropertyValueSpecification\",\"valueRequired\":true,\"valueName\":\"search_term_string\"}}],\"inLanguage\":\"en-US\"}]}<\/script>\n<!-- \/ Yoast SEO plugin. -->","yoast_head_json":{"title":"Bus schedules - Kivi\u00f5li Keemiat\u00f6\u00f6stus","robots":{"index":"index","follow":"follow","max-snippet":"max-snippet:-1","max-image-preview":"max-image-preview:large","max-video-preview":"max-video-preview:-1"},"canonical":"https:\/\/www.keemiatoostus.ee\/en\/for-the-employee\/bus-schedules\/","og_locale":"en_US","og_type":"article","og_title":"Bus schedules - Kivi\u00f5li Keemiat\u00f6\u00f6stus","og_description":"The attachment provides the schedules for buses that take our employees to and from work. Bus_Schedule_ENG.PDF","og_url":"https:\/\/www.keemiatoostus.ee\/en\/for-the-employee\/bus-schedules\/","og_site_name":"Kivi\u00f5li Keemiat\u00f6\u00f6stus","twitter_card":"summary_large_image","schema":{"@context":"https:\/\/schema.org","@graph":[{"@type":"WebPage","@id":"https:\/\/www.keemiatoostus.ee\/en\/for-the-employee\/bus-schedules\/","url":"https:\/\/www.keemiatoostus.ee\/en\/for-the-employee\/bus-schedules\/","name":"Bus schedules - Kivi\u00f5li Keemiat\u00f6\u00f6stus","isPartOf":{"@id":"https:\/\/www.keemiatoostus.ee\/#website"},"datePublished":"2019-10-07T10:53:22+00:00","breadcrumb":{"@id":"https:\/\/www.keemiatoostus.ee\/en\/for-the-employee\/bus-schedules\/#breadcrumb"},"inLanguage":"en-US","potentialAction":[{"@type":"ReadAction","target":["https:\/\/www.keemiatoostus.ee\/en\/for-the-employee\/bus-schedules\/"]}]},{"@type":"BreadcrumbList","@id":"https:\/\/www.keemiatoostus.ee\/en\/for-the-employee\/bus-schedules\/#breadcrumb","itemListElement":[{"@type":"ListItem","position":1,"name":"Home","item":"https:\/\/www.keemiatoostus.ee\/en\/"},{"@type":"ListItem","position":2,"name":"For the employee","item":"https:\/\/www.keemiatoostus.ee\/en\/for-the-employee\/"},{"@type":"ListItem","position":3,"name":"Bus schedules"}]},{"@type":"WebSite","@id":"https:\/\/www.keemiatoostus.ee\/#website","url":"https:\/\/www.keemiatoostus.ee\/","name":"Kivi\u00f5li Keemiat\u00f6\u00f6stus","description":"Iidne energia, uuenev tehnoloogia","potentialAction":[{"@type":"SearchAction","target":{"@type":"EntryPoint","urlTemplate":"https:\/\/www.keemiatoostus.ee\/?s={search_term_string}"},"query-input":{"@type":"PropertyValueSpecification","valueRequired":true,"valueName":"search_term_string"}}],"inLanguage":"en-US"}]}},"_links":{"self":[{"href":"https:\/\/www.keemiatoostus.ee\/en\/wp-json\/wp\/v2\/pages\/691","targetHints":{"allow":["GET"]}}],"collection":[{"href":"https:\/\/www.keemiatoostus.ee\/en\/wp-json\/wp\/v2\/pages"}],"about":[{"href":"https:\/\/www.keemiatoostus.ee\/en\/wp-json\/wp\/v2\/types\/page"}],"author":[{"embeddable":true,"href":"https:\/\/www.keemiatoostus.ee\/en\/wp-json\/wp\/v2\/users\/1"}],"replies":[{"embeddable":true,"href":"https:\/\/www.keemiatoostus.ee\/en\/wp-json\/wp\/v2\/comments?post=691"}],"version-history":[{"count":1,"href":"https:\/\/www.keemiatoostus.ee\/en\/wp-json\/wp\/v2\/pages\/691\/revisions"}],"predecessor-version":[{"id":704,"href":"https:\/\/www.keemiatoostus.ee\/en\/wp-json\/wp\/v2\/pages\/691\/revisions\/704"}],"up":[{"embeddable":true,"href":"https:\/\/www.keemiatoostus.ee\/en\/wp-json\/wp\/v2\/pages\/684"}],"wp:attachment":[{"href":"https:\/\/www.keemiatoostus.ee\/en\/wp-json\/wp\/v2\/media?parent=691"}],"curies":[{"name":"wp","href":"https:\/\/api.w.org\/{rel}","templated":true}]}}