{"id":692,"date":"2019-10-07T13:55:27","date_gmt":"2019-10-07T10:55:27","guid":{"rendered":"https:\/\/new.keemiatoostus.ee\/?page_id=692"},"modified":"2019-10-07T13:55:27","modified_gmt":"2019-10-07T10:55:27","slug":"occupational-safety","status":"publish","type":"page","link":"https:\/\/www.keemiatoostus.ee\/en\/for-the-employee\/occupational-safety\/","title":{"rendered":"Occupational safety"},"content":{"rendered":"<p>Kivi\u00f5li Keemiat\u00f6\u00f6stus has set forth general requirements for organising occupational health and safety.<\/p>\n<p>The working environment specialist collaborates with the company management, the working environment representatives, the working environment council, the employees\u2019 representative and the health service provider to establish a safe working environment and preserve the working capacity of the employees.<\/p>\n<p>Personal protective equipment is ensured to all company employees based on the risk analysis results. Regular internal control takes place in the company, during which working environment risk factors are identified and the risk analysis is supplemented.<\/p>\n<p>Periodical occupational safety trainings and instructions are organised at KKT. Following the occupational safety requirements set forth in the company is also mandatory for the subcontractors working on company territory.<\/p>\n","protected":false},"excerpt":{"rendered":"<p>Kivi\u00f5li Keemiat\u00f6\u00f6stus has set forth general requirements for organising occupational health and safety. The working environment specialist collaborates with the&hellip;<\/p>\n","protected":false},"author":1,"featured_media":0,"parent":684,"menu_order":7,"comment_status":"closed","ping_status":"closed","template":"","meta":{"footnotes":""},"class_list":["post-692","page","type-page","status-publish","hentry"],"yoast_head":"<!-- This site is optimized with the Yoast SEO plugin v25.9 - https:\/\/yoast.com\/wordpress\/plugins\/seo\/ -->\n<title>Occupational safety - Kivi\u00f5li Keemiat\u00f6\u00f6stus<\/title>\n<meta name=\"robots\" content=\"index, follow, max-snippet:-1, max-image-preview:large, max-video-preview:-1\" \/>\n<link rel=\"canonical\" href=\"https:\/\/www.keemiatoostus.ee\/tootajale\/tooohutus\/\" \/>\n<meta property=\"og:locale\" content=\"en_US\" \/>\n<meta property=\"og:type\" content=\"article\" \/>\n<meta property=\"og:title\" content=\"Occupational safety - Kivi\u00f5li Keemiat\u00f6\u00f6stus\" \/>\n<meta property=\"og:description\" content=\"Kivi\u00f5li Keemiat\u00f6\u00f6stus has set forth general requirements for organising occupational health and safety. The working environment specialist collaborates with the&hellip;\" \/>\n<meta property=\"og:url\" content=\"https:\/\/www.keemiatoostus.ee\/tootajale\/tooohutus\/\" \/>\n<meta property=\"og:site_name\" content=\"Kivi\u00f5li Keemiat\u00f6\u00f6stus\" \/>\n<meta name=\"twitter:card\" content=\"summary_large_image\" \/>\n<meta name=\"twitter:label1\" content=\"Est. reading time\" \/>\n\t<meta name=\"twitter:data1\" content=\"1 minute\" \/>\n<script type=\"application\/ld+json\" class=\"yoast-schema-graph\">{\"@context\":\"https:\/\/schema.org\",\"@graph\":[{\"@type\":\"WebPage\",\"@id\":\"https:\/\/www.keemiatoostus.ee\/tootajale\/tooohutus\/\",\"url\":\"https:\/\/www.keemiatoostus.ee\/tootajale\/tooohutus\/\",\"name\":\"Occupational safety - Kivi\u00f5li Keemiat\u00f6\u00f6stus\",\"isPartOf\":{\"@id\":\"https:\/\/www.keemiatoostus.ee\/#website\"},\"datePublished\":\"2019-10-07T10:55:27+00:00\",\"breadcrumb\":{\"@id\":\"https:\/\/www.keemiatoostus.ee\/tootajale\/tooohutus\/#breadcrumb\"},\"inLanguage\":\"en-US\",\"potentialAction\":[{\"@type\":\"ReadAction\",\"target\":[\"https:\/\/www.keemiatoostus.ee\/tootajale\/tooohutus\/\"]}]},{\"@type\":\"BreadcrumbList\",\"@id\":\"https:\/\/www.keemiatoostus.ee\/tootajale\/tooohutus\/#breadcrumb\",\"itemListElement\":[{\"@type\":\"ListItem\",\"position\":1,\"name\":\"Home\",\"item\":\"https:\/\/www.keemiatoostus.ee\/en\/\"},{\"@type\":\"ListItem\",\"position\":2,\"name\":\"For the employee\",\"item\":\"https:\/\/www.keemiatoostus.ee\/en\/for-the-employee\/\"},{\"@type\":\"ListItem\",\"position\":3,\"name\":\"Occupational safety\"}]},{\"@type\":\"WebSite\",\"@id\":\"https:\/\/www.keemiatoostus.ee\/#website\",\"url\":\"https:\/\/www.keemiatoostus.ee\/\",\"name\":\"Kivi\u00f5li Keemiat\u00f6\u00f6stus\",\"description\":\"Iidne energia, uuenev tehnoloogia\",\"potentialAction\":[{\"@type\":\"SearchAction\",\"target\":{\"@type\":\"EntryPoint\",\"urlTemplate\":\"https:\/\/www.keemiatoostus.ee\/?s={search_term_string}\"},\"query-input\":{\"@type\":\"PropertyValueSpecification\",\"valueRequired\":true,\"valueName\":\"search_term_string\"}}],\"inLanguage\":\"en-US\"}]}<\/script>\n<!-- \/ Yoast SEO plugin. -->","yoast_head_json":{"title":"Occupational safety - Kivi\u00f5li Keemiat\u00f6\u00f6stus","robots":{"index":"index","follow":"follow","max-snippet":"max-snippet:-1","max-image-preview":"max-image-preview:large","max-video-preview":"max-video-preview:-1"},"canonical":"https:\/\/www.keemiatoostus.ee\/tootajale\/tooohutus\/","og_locale":"en_US","og_type":"article","og_title":"Occupational safety - Kivi\u00f5li Keemiat\u00f6\u00f6stus","og_description":"Kivi\u00f5li Keemiat\u00f6\u00f6stus has set forth general requirements for organising occupational health and safety. The working environment specialist collaborates with the&hellip;","og_url":"https:\/\/www.keemiatoostus.ee\/tootajale\/tooohutus\/","og_site_name":"Kivi\u00f5li Keemiat\u00f6\u00f6stus","twitter_card":"summary_large_image","twitter_misc":{"Est. reading time":"1 minute"},"schema":{"@context":"https:\/\/schema.org","@graph":[{"@type":"WebPage","@id":"https:\/\/www.keemiatoostus.ee\/tootajale\/tooohutus\/","url":"https:\/\/www.keemiatoostus.ee\/tootajale\/tooohutus\/","name":"Occupational safety - Kivi\u00f5li Keemiat\u00f6\u00f6stus","isPartOf":{"@id":"https:\/\/www.keemiatoostus.ee\/#website"},"datePublished":"2019-10-07T10:55:27+00:00","breadcrumb":{"@id":"https:\/\/www.keemiatoostus.ee\/tootajale\/tooohutus\/#breadcrumb"},"inLanguage":"en-US","potentialAction":[{"@type":"ReadAction","target":["https:\/\/www.keemiatoostus.ee\/tootajale\/tooohutus\/"]}]},{"@type":"BreadcrumbList","@id":"https:\/\/www.keemiatoostus.ee\/tootajale\/tooohutus\/#breadcrumb","itemListElement":[{"@type":"ListItem","position":1,"name":"Home","item":"https:\/\/www.keemiatoostus.ee\/en\/"},{"@type":"ListItem","position":2,"name":"For the employee","item":"https:\/\/www.keemiatoostus.ee\/en\/for-the-employee\/"},{"@type":"ListItem","position":3,"name":"Occupational safety"}]},{"@type":"WebSite","@id":"https:\/\/www.keemiatoostus.ee\/#website","url":"https:\/\/www.keemiatoostus.ee\/","name":"Kivi\u00f5li Keemiat\u00f6\u00f6stus","description":"Iidne energia, uuenev tehnoloogia","potentialAction":[{"@type":"SearchAction","target":{"@type":"EntryPoint","urlTemplate":"https:\/\/www.keemiatoostus.ee\/?s={search_term_string}"},"query-input":{"@type":"PropertyValueSpecification","valueRequired":true,"valueName":"search_term_string"}}],"inLanguage":"en-US"}]}},"_links":{"self":[{"href":"https:\/\/www.keemiatoostus.ee\/en\/wp-json\/wp\/v2\/pages\/692","targetHints":{"allow":["GET"]}}],"collection":[{"href":"https:\/\/www.keemiatoostus.ee\/en\/wp-json\/wp\/v2\/pages"}],"about":[{"href":"https:\/\/www.keemiatoostus.ee\/en\/wp-json\/wp\/v2\/types\/page"}],"author":[{"embeddable":true,"href":"https:\/\/www.keemiatoostus.ee\/en\/wp-json\/wp\/v2\/users\/1"}],"replies":[{"embeddable":true,"href":"https:\/\/www.keemiatoostus.ee\/en\/wp-json\/wp\/v2\/comments?post=692"}],"version-history":[{"count":1,"href":"https:\/\/www.keemiatoostus.ee\/en\/wp-json\/wp\/v2\/pages\/692\/revisions"}],"predecessor-version":[{"id":705,"href":"https:\/\/www.keemiatoostus.ee\/en\/wp-json\/wp\/v2\/pages\/692\/revisions\/705"}],"up":[{"embeddable":true,"href":"https:\/\/www.keemiatoostus.ee\/en\/wp-json\/wp\/v2\/pages\/684"}],"wp:attachment":[{"href":"https:\/\/www.keemiatoostus.ee\/en\/wp-json\/wp\/v2\/media?parent=692"}],"curies":[{"name":"wp","href":"https:\/\/api.w.org\/{rel}","templated":true}]}}