{"id":709,"date":"2019-10-07T14:02:13","date_gmt":"2019-10-07T11:02:13","guid":{"rendered":"https:\/\/new.keemiatoostus.ee\/?page_id=709"},"modified":"2019-10-07T14:02:13","modified_gmt":"2019-10-07T11:02:13","slug":"internship-at-kkt","status":"publish","type":"page","link":"https:\/\/www.keemiatoostus.ee\/en\/working-at-kkt\/internship-at-kkt\/","title":{"rendered":"Internship at KKT"},"content":{"rendered":"<p>KKT is happy to take on interns from vocational schools and universities who will be offered a job, if possible.<\/p>\n<p>Most internship options are available for students from Chemical Technology and the School of Engineering.<\/p>\n<p>Would you like to intern for us?<\/p>\n<p>Submit your application to: <a href=\"mailto:personal@keemiatoostus.ee\">personal@keemiatoostus.ee<\/a><\/p>\n<p>Be sure to add the learning outcomes you need to acquire during the internship and the duration of internship.<\/p>\n<p>We will get in touch with you.<\/p>\n","protected":false},"excerpt":{"rendered":"<p>KKT is happy to take on interns from vocational schools and universities who will be offered a job, if possible.&hellip;<\/p>\n","protected":false},"author":1,"featured_media":0,"parent":707,"menu_order":3,"comment_status":"closed","ping_status":"closed","template":"","meta":{"footnotes":""},"class_list":["post-709","page","type-page","status-publish","hentry"],"yoast_head":"<!-- This site is optimized with the Yoast SEO plugin v25.9 - https:\/\/yoast.com\/wordpress\/plugins\/seo\/ -->\n<title>Internship at KKT - Kivi\u00f5li Keemiat\u00f6\u00f6stus<\/title>\n<meta name=\"robots\" content=\"index, follow, max-snippet:-1, max-image-preview:large, max-video-preview:-1\" \/>\n<link rel=\"canonical\" href=\"https:\/\/www.keemiatoostus.ee\/en\/working-at-kkt\/internship-at-kkt\/\" \/>\n<meta property=\"og:locale\" content=\"en_US\" \/>\n<meta property=\"og:type\" content=\"article\" \/>\n<meta property=\"og:title\" content=\"Internship at KKT - Kivi\u00f5li Keemiat\u00f6\u00f6stus\" \/>\n<meta property=\"og:description\" content=\"KKT is happy to take on interns from vocational schools and universities who will be offered a job, if possible.&hellip;\" \/>\n<meta property=\"og:url\" content=\"https:\/\/www.keemiatoostus.ee\/en\/working-at-kkt\/internship-at-kkt\/\" \/>\n<meta property=\"og:site_name\" content=\"Kivi\u00f5li Keemiat\u00f6\u00f6stus\" \/>\n<meta name=\"twitter:card\" content=\"summary_large_image\" \/>\n<script type=\"application\/ld+json\" class=\"yoast-schema-graph\">{\"@context\":\"https:\/\/schema.org\",\"@graph\":[{\"@type\":\"WebPage\",\"@id\":\"https:\/\/www.keemiatoostus.ee\/en\/working-at-kkt\/internship-at-kkt\/\",\"url\":\"https:\/\/www.keemiatoostus.ee\/en\/working-at-kkt\/internship-at-kkt\/\",\"name\":\"Internship at KKT - Kivi\u00f5li Keemiat\u00f6\u00f6stus\",\"isPartOf\":{\"@id\":\"https:\/\/www.keemiatoostus.ee\/#website\"},\"datePublished\":\"2019-10-07T11:02:13+00:00\",\"breadcrumb\":{\"@id\":\"https:\/\/www.keemiatoostus.ee\/en\/working-at-kkt\/internship-at-kkt\/#breadcrumb\"},\"inLanguage\":\"en-US\",\"potentialAction\":[{\"@type\":\"ReadAction\",\"target\":[\"https:\/\/www.keemiatoostus.ee\/en\/working-at-kkt\/internship-at-kkt\/\"]}]},{\"@type\":\"BreadcrumbList\",\"@id\":\"https:\/\/www.keemiatoostus.ee\/en\/working-at-kkt\/internship-at-kkt\/#breadcrumb\",\"itemListElement\":[{\"@type\":\"ListItem\",\"position\":1,\"name\":\"Home\",\"item\":\"https:\/\/www.keemiatoostus.ee\/en\/\"},{\"@type\":\"ListItem\",\"position\":2,\"name\":\"Working at KKT\",\"item\":\"https:\/\/www.keemiatoostus.ee\/en\/working-at-kkt\/\"},{\"@type\":\"ListItem\",\"position\":3,\"name\":\"Internship at KKT\"}]},{\"@type\":\"WebSite\",\"@id\":\"https:\/\/www.keemiatoostus.ee\/#website\",\"url\":\"https:\/\/www.keemiatoostus.ee\/\",\"name\":\"Kivi\u00f5li Keemiat\u00f6\u00f6stus\",\"description\":\"Iidne energia, uuenev tehnoloogia\",\"potentialAction\":[{\"@type\":\"SearchAction\",\"target\":{\"@type\":\"EntryPoint\",\"urlTemplate\":\"https:\/\/www.keemiatoostus.ee\/?s={search_term_string}\"},\"query-input\":{\"@type\":\"PropertyValueSpecification\",\"valueRequired\":true,\"valueName\":\"search_term_string\"}}],\"inLanguage\":\"en-US\"}]}<\/script>\n<!-- \/ Yoast SEO plugin. -->","yoast_head_json":{"title":"Internship at KKT - Kivi\u00f5li Keemiat\u00f6\u00f6stus","robots":{"index":"index","follow":"follow","max-snippet":"max-snippet:-1","max-image-preview":"max-image-preview:large","max-video-preview":"max-video-preview:-1"},"canonical":"https:\/\/www.keemiatoostus.ee\/en\/working-at-kkt\/internship-at-kkt\/","og_locale":"en_US","og_type":"article","og_title":"Internship at KKT - Kivi\u00f5li Keemiat\u00f6\u00f6stus","og_description":"KKT is happy to take on interns from vocational schools and universities who will be offered a job, if possible.&hellip;","og_url":"https:\/\/www.keemiatoostus.ee\/en\/working-at-kkt\/internship-at-kkt\/","og_site_name":"Kivi\u00f5li Keemiat\u00f6\u00f6stus","twitter_card":"summary_large_image","schema":{"@context":"https:\/\/schema.org","@graph":[{"@type":"WebPage","@id":"https:\/\/www.keemiatoostus.ee\/en\/working-at-kkt\/internship-at-kkt\/","url":"https:\/\/www.keemiatoostus.ee\/en\/working-at-kkt\/internship-at-kkt\/","name":"Internship at KKT - Kivi\u00f5li Keemiat\u00f6\u00f6stus","isPartOf":{"@id":"https:\/\/www.keemiatoostus.ee\/#website"},"datePublished":"2019-10-07T11:02:13+00:00","breadcrumb":{"@id":"https:\/\/www.keemiatoostus.ee\/en\/working-at-kkt\/internship-at-kkt\/#breadcrumb"},"inLanguage":"en-US","potentialAction":[{"@type":"ReadAction","target":["https:\/\/www.keemiatoostus.ee\/en\/working-at-kkt\/internship-at-kkt\/"]}]},{"@type":"BreadcrumbList","@id":"https:\/\/www.keemiatoostus.ee\/en\/working-at-kkt\/internship-at-kkt\/#breadcrumb","itemListElement":[{"@type":"ListItem","position":1,"name":"Home","item":"https:\/\/www.keemiatoostus.ee\/en\/"},{"@type":"ListItem","position":2,"name":"Working at KKT","item":"https:\/\/www.keemiatoostus.ee\/en\/working-at-kkt\/"},{"@type":"ListItem","position":3,"name":"Internship at KKT"}]},{"@type":"WebSite","@id":"https:\/\/www.keemiatoostus.ee\/#website","url":"https:\/\/www.keemiatoostus.ee\/","name":"Kivi\u00f5li Keemiat\u00f6\u00f6stus","description":"Iidne energia, uuenev tehnoloogia","potentialAction":[{"@type":"SearchAction","target":{"@type":"EntryPoint","urlTemplate":"https:\/\/www.keemiatoostus.ee\/?s={search_term_string}"},"query-input":{"@type":"PropertyValueSpecification","valueRequired":true,"valueName":"search_term_string"}}],"inLanguage":"en-US"}]}},"_links":{"self":[{"href":"https:\/\/www.keemiatoostus.ee\/en\/wp-json\/wp\/v2\/pages\/709","targetHints":{"allow":["GET"]}}],"collection":[{"href":"https:\/\/www.keemiatoostus.ee\/en\/wp-json\/wp\/v2\/pages"}],"about":[{"href":"https:\/\/www.keemiatoostus.ee\/en\/wp-json\/wp\/v2\/types\/page"}],"author":[{"embeddable":true,"href":"https:\/\/www.keemiatoostus.ee\/en\/wp-json\/wp\/v2\/users\/1"}],"replies":[{"embeddable":true,"href":"https:\/\/www.keemiatoostus.ee\/en\/wp-json\/wp\/v2\/comments?post=709"}],"version-history":[{"count":1,"href":"https:\/\/www.keemiatoostus.ee\/en\/wp-json\/wp\/v2\/pages\/709\/revisions"}],"predecessor-version":[{"id":715,"href":"https:\/\/www.keemiatoostus.ee\/en\/wp-json\/wp\/v2\/pages\/709\/revisions\/715"}],"up":[{"embeddable":true,"href":"https:\/\/www.keemiatoostus.ee\/en\/wp-json\/wp\/v2\/pages\/707"}],"wp:attachment":[{"href":"https:\/\/www.keemiatoostus.ee\/en\/wp-json\/wp\/v2\/media?parent=709"}],"curies":[{"name":"wp","href":"https:\/\/api.w.org\/{rel}","templated":true}]}}