{"id":710,"date":"2019-10-07T14:02:46","date_gmt":"2019-10-07T11:02:46","guid":{"rendered":"https:\/\/new.keemiatoostus.ee\/?page_id=710"},"modified":"2019-10-07T14:02:46","modified_gmt":"2019-10-07T11:02:46","slug":"grants-at-kkt","status":"publish","type":"page","link":"https:\/\/www.keemiatoostus.ee\/en\/working-at-kkt\/grants-at-kkt\/","title":{"rendered":"Grants at KKT"},"content":{"rendered":"<p><strong>Kivi\u00f5li Keemiat\u00f6\u00f6stus announces that all students of chemistry and environmental protection technology or fuel chemistry and technology once again have the chance to apply for the Kivi\u00f5li Keemiat\u00f6\u00f6stus grant.<\/strong><\/p>\n<p>A successful applicant:<\/p>\n<ul>\n<li>is a 2<sup>nd<\/sup> or 3<sup>rd<\/sup> year professional higher education, Bachelor\u2019s or Master\u2019s student;<\/li>\n<li>is not on academic leave when submitting the application;<\/li>\n<li>has a weighted grade point average of Good;<\/li>\n<li>is a proactive enthusiast in their own field with a focus on becoming a leader.<\/li>\n<\/ul>\n<p>The person receiving the grant can become an intern at KKT, find a final paper thesis related to the company activities and find a great supervisor.<\/p>\n<p>After finishing school, they can continue working in an exciting and challenging position at KKT!<\/p>\n<p>The applicant must submit a free format application introducing themselves and confirming that they meet the criteria to the Kivi\u00f5li Keemiat\u00f6\u00f6stus personnel department at the latest by 30.11.2019.<\/p>\n<p>Please send the application to: <a href=\"mailto:personal@keemiatoostus.ee\">personal@keemiatoostus.ee<\/a> with the keyword \u201cStipendium\u201d.<\/p>\n<p>We are looking forward to your applications and wish you success in your studies!<\/p>\n","protected":false},"excerpt":{"rendered":"<p>Kivi\u00f5li Keemiat\u00f6\u00f6stus announces that all students of chemistry and environmental protection technology or fuel chemistry and technology once again have&hellip;<\/p>\n","protected":false},"author":1,"featured_media":0,"parent":707,"menu_order":4,"comment_status":"closed","ping_status":"closed","template":"","meta":{"footnotes":""},"class_list":["post-710","page","type-page","status-publish","hentry"],"yoast_head":"<!-- This site is optimized with the Yoast SEO plugin v25.9 - https:\/\/yoast.com\/wordpress\/plugins\/seo\/ -->\n<title>Grants at KKT - Kivi\u00f5li Keemiat\u00f6\u00f6stus<\/title>\n<meta name=\"robots\" content=\"index, follow, max-snippet:-1, max-image-preview:large, max-video-preview:-1\" \/>\n<link rel=\"canonical\" href=\"https:\/\/www.keemiatoostus.ee\/tootamine-kkt-s\/stipendium-kkt-s\/\" \/>\n<meta property=\"og:locale\" content=\"en_US\" \/>\n<meta property=\"og:type\" content=\"article\" \/>\n<meta property=\"og:title\" content=\"Grants at KKT - Kivi\u00f5li Keemiat\u00f6\u00f6stus\" \/>\n<meta property=\"og:description\" content=\"Kivi\u00f5li Keemiat\u00f6\u00f6stus announces that all students of chemistry and environmental protection technology or fuel chemistry and technology once again have&hellip;\" \/>\n<meta property=\"og:url\" content=\"https:\/\/www.keemiatoostus.ee\/tootamine-kkt-s\/stipendium-kkt-s\/\" \/>\n<meta property=\"og:site_name\" content=\"Kivi\u00f5li Keemiat\u00f6\u00f6stus\" \/>\n<meta name=\"twitter:card\" content=\"summary_large_image\" \/>\n<meta name=\"twitter:label1\" content=\"Est. reading time\" \/>\n\t<meta name=\"twitter:data1\" content=\"1 minute\" \/>\n<script type=\"application\/ld+json\" class=\"yoast-schema-graph\">{\"@context\":\"https:\/\/schema.org\",\"@graph\":[{\"@type\":\"WebPage\",\"@id\":\"https:\/\/www.keemiatoostus.ee\/tootamine-kkt-s\/stipendium-kkt-s\/\",\"url\":\"https:\/\/www.keemiatoostus.ee\/tootamine-kkt-s\/stipendium-kkt-s\/\",\"name\":\"Grants at KKT - Kivi\u00f5li Keemiat\u00f6\u00f6stus\",\"isPartOf\":{\"@id\":\"https:\/\/www.keemiatoostus.ee\/#website\"},\"datePublished\":\"2019-10-07T11:02:46+00:00\",\"breadcrumb\":{\"@id\":\"https:\/\/www.keemiatoostus.ee\/tootamine-kkt-s\/stipendium-kkt-s\/#breadcrumb\"},\"inLanguage\":\"en-US\",\"potentialAction\":[{\"@type\":\"ReadAction\",\"target\":[\"https:\/\/www.keemiatoostus.ee\/tootamine-kkt-s\/stipendium-kkt-s\/\"]}]},{\"@type\":\"BreadcrumbList\",\"@id\":\"https:\/\/www.keemiatoostus.ee\/tootamine-kkt-s\/stipendium-kkt-s\/#breadcrumb\",\"itemListElement\":[{\"@type\":\"ListItem\",\"position\":1,\"name\":\"Home\",\"item\":\"https:\/\/www.keemiatoostus.ee\/en\/\"},{\"@type\":\"ListItem\",\"position\":2,\"name\":\"Working at KKT\",\"item\":\"https:\/\/www.keemiatoostus.ee\/en\/working-at-kkt\/\"},{\"@type\":\"ListItem\",\"position\":3,\"name\":\"Grants at KKT\"}]},{\"@type\":\"WebSite\",\"@id\":\"https:\/\/www.keemiatoostus.ee\/#website\",\"url\":\"https:\/\/www.keemiatoostus.ee\/\",\"name\":\"Kivi\u00f5li Keemiat\u00f6\u00f6stus\",\"description\":\"Iidne energia, uuenev tehnoloogia\",\"potentialAction\":[{\"@type\":\"SearchAction\",\"target\":{\"@type\":\"EntryPoint\",\"urlTemplate\":\"https:\/\/www.keemiatoostus.ee\/?s={search_term_string}\"},\"query-input\":{\"@type\":\"PropertyValueSpecification\",\"valueRequired\":true,\"valueName\":\"search_term_string\"}}],\"inLanguage\":\"en-US\"}]}<\/script>\n<!-- \/ Yoast SEO plugin. -->","yoast_head_json":{"title":"Grants at KKT - Kivi\u00f5li Keemiat\u00f6\u00f6stus","robots":{"index":"index","follow":"follow","max-snippet":"max-snippet:-1","max-image-preview":"max-image-preview:large","max-video-preview":"max-video-preview:-1"},"canonical":"https:\/\/www.keemiatoostus.ee\/tootamine-kkt-s\/stipendium-kkt-s\/","og_locale":"en_US","og_type":"article","og_title":"Grants at KKT - Kivi\u00f5li Keemiat\u00f6\u00f6stus","og_description":"Kivi\u00f5li Keemiat\u00f6\u00f6stus announces that all students of chemistry and environmental protection technology or fuel chemistry and technology once again have&hellip;","og_url":"https:\/\/www.keemiatoostus.ee\/tootamine-kkt-s\/stipendium-kkt-s\/","og_site_name":"Kivi\u00f5li Keemiat\u00f6\u00f6stus","twitter_card":"summary_large_image","twitter_misc":{"Est. reading time":"1 minute"},"schema":{"@context":"https:\/\/schema.org","@graph":[{"@type":"WebPage","@id":"https:\/\/www.keemiatoostus.ee\/tootamine-kkt-s\/stipendium-kkt-s\/","url":"https:\/\/www.keemiatoostus.ee\/tootamine-kkt-s\/stipendium-kkt-s\/","name":"Grants at KKT - Kivi\u00f5li Keemiat\u00f6\u00f6stus","isPartOf":{"@id":"https:\/\/www.keemiatoostus.ee\/#website"},"datePublished":"2019-10-07T11:02:46+00:00","breadcrumb":{"@id":"https:\/\/www.keemiatoostus.ee\/tootamine-kkt-s\/stipendium-kkt-s\/#breadcrumb"},"inLanguage":"en-US","potentialAction":[{"@type":"ReadAction","target":["https:\/\/www.keemiatoostus.ee\/tootamine-kkt-s\/stipendium-kkt-s\/"]}]},{"@type":"BreadcrumbList","@id":"https:\/\/www.keemiatoostus.ee\/tootamine-kkt-s\/stipendium-kkt-s\/#breadcrumb","itemListElement":[{"@type":"ListItem","position":1,"name":"Home","item":"https:\/\/www.keemiatoostus.ee\/en\/"},{"@type":"ListItem","position":2,"name":"Working at KKT","item":"https:\/\/www.keemiatoostus.ee\/en\/working-at-kkt\/"},{"@type":"ListItem","position":3,"name":"Grants at KKT"}]},{"@type":"WebSite","@id":"https:\/\/www.keemiatoostus.ee\/#website","url":"https:\/\/www.keemiatoostus.ee\/","name":"Kivi\u00f5li Keemiat\u00f6\u00f6stus","description":"Iidne energia, uuenev tehnoloogia","potentialAction":[{"@type":"SearchAction","target":{"@type":"EntryPoint","urlTemplate":"https:\/\/www.keemiatoostus.ee\/?s={search_term_string}"},"query-input":{"@type":"PropertyValueSpecification","valueRequired":true,"valueName":"search_term_string"}}],"inLanguage":"en-US"}]}},"_links":{"self":[{"href":"https:\/\/www.keemiatoostus.ee\/en\/wp-json\/wp\/v2\/pages\/710","targetHints":{"allow":["GET"]}}],"collection":[{"href":"https:\/\/www.keemiatoostus.ee\/en\/wp-json\/wp\/v2\/pages"}],"about":[{"href":"https:\/\/www.keemiatoostus.ee\/en\/wp-json\/wp\/v2\/types\/page"}],"author":[{"embeddable":true,"href":"https:\/\/www.keemiatoostus.ee\/en\/wp-json\/wp\/v2\/users\/1"}],"replies":[{"embeddable":true,"href":"https:\/\/www.keemiatoostus.ee\/en\/wp-json\/wp\/v2\/comments?post=710"}],"version-history":[{"count":1,"href":"https:\/\/www.keemiatoostus.ee\/en\/wp-json\/wp\/v2\/pages\/710\/revisions"}],"predecessor-version":[{"id":716,"href":"https:\/\/www.keemiatoostus.ee\/en\/wp-json\/wp\/v2\/pages\/710\/revisions\/716"}],"up":[{"embeddable":true,"href":"https:\/\/www.keemiatoostus.ee\/en\/wp-json\/wp\/v2\/pages\/707"}],"wp:attachment":[{"href":"https:\/\/www.keemiatoostus.ee\/en\/wp-json\/wp\/v2\/media?parent=710"}],"curies":[{"name":"wp","href":"https:\/\/api.w.org\/{rel}","templated":true}]}}