{"id":374,"date":"2019-09-24T21:20:46","date_gmt":"2019-09-24T18:20:46","guid":{"rendered":"https:\/\/new.keemiatoostus.ee\/?page_id=374"},"modified":"2024-05-21T15:47:59","modified_gmt":"2024-05-21T12:47:59","slug":"%d0%be-%d0%bf%d1%80%d0%b5%d0%b4%d0%bf%d1%80%d0%b8%d1%8f%d1%82%d0%b8%d0%b8","status":"publish","type":"page","link":"https:\/\/www.keemiatoostus.ee\/ru\/%d0%be-%d0%bf%d1%80%d0%b5%d0%b4%d0%bf%d1%80%d0%b8%d1%8f%d1%82%d0%b8%d0%b8\/","title":{"rendered":"\u041e \u043f\u0440\u0435\u0434\u043f\u0440\u0438\u044f\u0442\u0438\u0438"},"content":{"rendered":"<p style=\"font-weight: 400;\">Kivi\u00f5li Keemiat\u00f6\u00f6stus (KKT) \u2014 \u0434\u0435\u0439\u0441\u0442\u0432\u0443\u044e\u0449\u0435\u0435 \u0443\u0436\u0435 \u0431\u043e\u043b\u0435\u0435 100 \u043b\u0435\u0442 \u043f\u0440\u0435\u0434\u043f\u0440\u0438\u044f\u0442\u0438\u0435, \u043e\u0441\u043d\u043e\u0432\u043d\u044b\u043c\u0438 \u0432\u0438\u0434\u0430\u043c\u0438 \u0434\u0435\u044f\u0442\u0435\u043b\u044c\u043d\u043e\u0441\u0442\u0438 \u043a\u043e\u0442\u043e\u0440\u043e\u0433\u043e \u044f\u0432\u043b\u044f\u044e\u0442\u0441\u044f \u0434\u043e\u0431\u044b\u0447\u0430 \u0441\u043b\u0430\u043d\u0446\u0430, \u043f\u0440\u043e\u0438\u0437\u0432\u043e\u0434\u0441\u0442\u0432\u043e \u0441\u043b\u0430\u043d\u0446\u0435\u0432\u043e\u0433\u043e \u043c\u0430\u0441\u043b\u0430, \u0442\u0435\u043f\u043b\u043e- \u0438 \u044d\u043b\u0435\u043a\u0442\u0440\u043e\u044d\u043d\u0435\u0440\u0433\u0438\u0438.<\/p>\n<p style=\"font-weight: 400;\">\u041f\u0440\u043e\u0438\u0437\u0432\u043e\u0434\u0441\u0442\u0432\u0435\u043d\u043d\u044b\u0435 \u043f\u043e\u0434\u0440\u0430\u0437\u0434\u0435\u043b\u0435\u043d\u0438\u044f \u0441\u043e\u0437\u0434\u0430\u043d\u043d\u043e\u0433\u043e \u0432 1922 \u0433\u043e\u0434\u0443 \u043f\u0440\u0435\u0434\u043f\u0440\u0438\u044f\u0442\u0438\u044f \u0440\u0430\u0441\u043f\u043e\u043b\u043e\u0436\u0435\u043d\u044b \u0432 \u0418\u0434\u0430-\u0412\u0438\u0440\u0443\u043c\u0430\u0430 \u0432 \u0433\u043e\u0440\u043e\u0434\u0435 \u041a\u0438\u0432\u0438\u044b\u043b\u0438.<\/p>\n<p style=\"font-weight: 400;\">KKT \u0434\u043e\u0431\u044b\u0432\u0430\u0435\u0442 \u0441\u043b\u0430\u043d\u0435\u0446 \u043d\u0430 \u0421\u0435\u0432\u0435\u0440\u043e-\u041a\u0438\u0432\u0438\u044b\u043b\u0438\u0441\u043a\u043e\u043c \u0441\u043b\u0430\u043d\u0446\u0435\u0432\u043e\u043c \u043a\u0430\u0440\u044c\u0435\u0440\u0435, \u0432 \u0433\u043e\u0434 \u0434\u043e\u0431\u044b\u0432\u0430\u044e\u0442 \u043f\u043e\u0447\u0442\u0438 1,5 \u043c\u0438\u043b\u043b\u0438\u043e\u043d\u0430 \u0442\u043e\u043d\u043d \u0441\u043b\u0430\u043d\u0446\u0430.<\/p>\n<p style=\"font-weight: 400;\">\u0421\u043e\u0432\u043c\u0435\u0441\u0442\u043d\u043e\u0435 \u043f\u0440\u043e\u0438\u0437\u0432\u043e\u0434\u0441\u0442\u0432\u043e \u0442\u0435\u043f\u043b\u043e- \u0438 \u044d\u043b\u0435\u043a\u0442\u0440\u043e\u044d\u043d\u0435\u0440\u0433\u0438\u0438 \u043f\u043e\u043a\u0440\u044b\u0432\u0430\u0435\u0442 \u043f\u043e\u0442\u0440\u0435\u0431\u043d\u043e\u0441\u0442\u0438 \u0432 \u0442\u0435\u043f\u043b\u043e\u0432\u043e\u0439 \u044d\u043d\u0435\u0440\u0433\u0438\u0438 \u043a\u0430\u043a \u043f\u0440\u0435\u0434\u043f\u0440\u0438\u044f\u0442\u0438\u044f, \u0442\u0430\u043a \u0438 \u0433\u043e\u0440\u043e\u0434\u0430 \u041a\u0438\u0432\u0438\u044b\u043b\u0438. \u041f\u0440\u043e\u0438\u0437\u0432\u0435\u0434\u0435\u043d\u043d\u0443\u044e \u041a\u041a\u0422 \u044d\u043b\u0435\u043a\u0442\u0440\u043e\u044d\u043d\u0435\u0440\u0433\u0438\u044e \u043f\u043e\u0442\u0440\u0435\u0431\u043b\u044f\u044e\u0442 \u043d\u0430 \u043f\u0440\u0435\u0434\u043f\u0440\u0438\u044f\u0442\u0438\u0438, \u0430 \u0442\u0430\u043a\u0436\u0435 \u043f\u0435\u0440\u0435\u0434\u0430\u044e\u0442 \u0432 \u0440\u0430\u0441\u043f\u0440\u0435\u0434\u0435\u043b\u0438\u0442\u0435\u043b\u044c\u043d\u0443\u044e \u0441\u0435\u0442\u044c.<\/p>\n<p style=\"font-weight: 400;\">\u041d\u0430 KKT \u0440\u0430\u0431\u043e\u0442\u0430\u0435\u0442 \u043e\u043a\u043e\u043b\u043e 600 \u0447\u0435\u043b\u043e\u0432\u0435\u043a, \u0431\u043e\u043b\u044c\u0448\u0430\u044f \u0447\u0430\u0441\u0442\u044c \u043a\u043e\u0442\u043e\u0440\u044b\u0445 \u044f\u0432\u043b\u044f\u0435\u0442\u0441\u044f \u0436\u0438\u0442\u0435\u043b\u044f\u043c\u0438 \u041b\u044e\u0433\u0430\u043d\u0443\u0437\u0435\u0441\u043a\u043e\u0439 \u0432\u043e\u043b\u043e\u0441\u0442\u0438.<\/p>\n","protected":false},"excerpt":{"rendered":"<p>Kivi\u00f5li Keemiat\u00f6\u00f6stus (KKT) \u2014 \u0434\u0435\u0439\u0441\u0442\u0432\u0443\u044e\u0449\u0435\u0435 \u0443\u0436\u0435 \u0431\u043e\u043b\u0435\u0435 100 \u043b\u0435\u0442 \u043f\u0440\u0435\u0434\u043f\u0440\u0438\u044f\u0442\u0438\u0435, \u043e\u0441\u043d\u043e\u0432\u043d\u044b\u043c\u0438 \u0432\u0438\u0434\u0430\u043c\u0438 \u0434\u0435\u044f\u0442\u0435\u043b\u044c\u043d\u043e\u0441\u0442\u0438 \u043a\u043e\u0442\u043e\u0440\u043e\u0433\u043e \u044f\u0432\u043b\u044f\u044e\u0442\u0441\u044f \u0434\u043e\u0431\u044b\u0447\u0430 \u0441\u043b\u0430\u043d\u0446\u0430, \u043f\u0440\u043e\u0438\u0437\u0432\u043e\u0434\u0441\u0442\u0432\u043e \u0441\u043b\u0430\u043d\u0446\u0435\u0432\u043e\u0433\u043e \u043c\u0430\u0441\u043b\u0430,&hellip;<\/p>\n","protected":false},"author":1,"featured_media":92,"parent":0,"menu_order":0,"comment_status":"closed","ping_status":"closed","template":"","meta":{"footnotes":""},"class_list":["post-374","page","type-page","status-publish","has-post-thumbnail","hentry"],"yoast_head":"<!-- This site is optimized with the Yoast SEO plugin v25.9 - https:\/\/yoast.com\/wordpress\/plugins\/seo\/ -->\n<title>\u041e \u043f\u0440\u0435\u0434\u043f\u0440\u0438\u044f\u0442\u0438\u0438 - Kivi\u00f5li Keemiat\u00f6\u00f6stus<\/title>\n<meta name=\"robots\" content=\"index, follow, max-snippet:-1, max-image-preview:large, max-video-preview:-1\" \/>\n<link rel=\"canonical\" href=\"https:\/\/www.keemiatoostus.ee\/ru\/\u043e-\u043f\u0440\u0435\u0434\u043f\u0440\u0438\u044f\u0442\u0438\u0438\/\" \/>\n<meta property=\"og:locale\" content=\"ru_RU\" \/>\n<meta property=\"og:type\" content=\"article\" \/>\n<meta property=\"og:title\" content=\"\u041e \u043f\u0440\u0435\u0434\u043f\u0440\u0438\u044f\u0442\u0438\u0438 - Kivi\u00f5li Keemiat\u00f6\u00f6stus\" \/>\n<meta property=\"og:description\" content=\"Kivi\u00f5li Keemiat\u00f6\u00f6stus (KKT) \u2014 \u0434\u0435\u0439\u0441\u0442\u0432\u0443\u044e\u0449\u0435\u0435 \u0443\u0436\u0435 \u0431\u043e\u043b\u0435\u0435 100 \u043b\u0435\u0442 \u043f\u0440\u0435\u0434\u043f\u0440\u0438\u044f\u0442\u0438\u0435, \u043e\u0441\u043d\u043e\u0432\u043d\u044b\u043c\u0438 \u0432\u0438\u0434\u0430\u043c\u0438 \u0434\u0435\u044f\u0442\u0435\u043b\u044c\u043d\u043e\u0441\u0442\u0438 \u043a\u043e\u0442\u043e\u0440\u043e\u0433\u043e \u044f\u0432\u043b\u044f\u044e\u0442\u0441\u044f \u0434\u043e\u0431\u044b\u0447\u0430 \u0441\u043b\u0430\u043d\u0446\u0430, \u043f\u0440\u043e\u0438\u0437\u0432\u043e\u0434\u0441\u0442\u0432\u043e \u0441\u043b\u0430\u043d\u0446\u0435\u0432\u043e\u0433\u043e \u043c\u0430\u0441\u043b\u0430,&hellip;\" \/>\n<meta property=\"og:url\" content=\"https:\/\/www.keemiatoostus.ee\/ru\/\u043e-\u043f\u0440\u0435\u0434\u043f\u0440\u0438\u044f\u0442\u0438\u0438\/\" \/>\n<meta property=\"og:site_name\" content=\"Kivi\u00f5li Keemiat\u00f6\u00f6stus\" \/>\n<meta property=\"article:modified_time\" content=\"2024-05-21T12:47:59+00:00\" \/>\n<meta property=\"og:image\" content=\"https:\/\/www.keemiatoostus.ee\/wp-content\/uploads\/2019\/07\/content.png\" \/>\n\t<meta property=\"og:image:width\" content=\"480\" \/>\n\t<meta property=\"og:image:height\" content=\"575\" \/>\n\t<meta property=\"og:image:type\" content=\"image\/png\" \/>\n<meta name=\"twitter:card\" content=\"summary_large_image\" \/>\n<script type=\"application\/ld+json\" class=\"yoast-schema-graph\">{\"@context\":\"https:\/\/schema.org\",\"@graph\":[{\"@type\":\"WebPage\",\"@id\":\"https:\/\/www.keemiatoostus.ee\/ru\/%d0%be-%d0%bf%d1%80%d0%b5%d0%b4%d0%bf%d1%80%d0%b8%d1%8f%d1%82%d0%b8%d0%b8\/\",\"url\":\"https:\/\/www.keemiatoostus.ee\/ru\/%d0%be-%d0%bf%d1%80%d0%b5%d0%b4%d0%bf%d1%80%d0%b8%d1%8f%d1%82%d0%b8%d0%b8\/\",\"name\":\"\u041e \u043f\u0440\u0435\u0434\u043f\u0440\u0438\u044f\u0442\u0438\u0438 - Kivi\u00f5li Keemiat\u00f6\u00f6stus\",\"isPartOf\":{\"@id\":\"https:\/\/www.keemiatoostus.ee\/#website\"},\"primaryImageOfPage\":{\"@id\":\"https:\/\/www.keemiatoostus.ee\/ru\/%d0%be-%d0%bf%d1%80%d0%b5%d0%b4%d0%bf%d1%80%d0%b8%d1%8f%d1%82%d0%b8%d0%b8\/#primaryimage\"},\"image\":{\"@id\":\"https:\/\/www.keemiatoostus.ee\/ru\/%d0%be-%d0%bf%d1%80%d0%b5%d0%b4%d0%bf%d1%80%d0%b8%d1%8f%d1%82%d0%b8%d0%b8\/#primaryimage\"},\"thumbnailUrl\":\"https:\/\/www.keemiatoostus.ee\/wp-content\/uploads\/2019\/07\/content.png\",\"datePublished\":\"2019-09-24T18:20:46+00:00\",\"dateModified\":\"2024-05-21T12:47:59+00:00\",\"breadcrumb\":{\"@id\":\"https:\/\/www.keemiatoostus.ee\/ru\/%d0%be-%d0%bf%d1%80%d0%b5%d0%b4%d0%bf%d1%80%d0%b8%d1%8f%d1%82%d0%b8%d0%b8\/#breadcrumb\"},\"inLanguage\":\"ru-RU\",\"potentialAction\":[{\"@type\":\"ReadAction\",\"target\":[\"https:\/\/www.keemiatoostus.ee\/ru\/%d0%be-%d0%bf%d1%80%d0%b5%d0%b4%d0%bf%d1%80%d0%b8%d1%8f%d1%82%d0%b8%d0%b8\/\"]}]},{\"@type\":\"ImageObject\",\"inLanguage\":\"ru-RU\",\"@id\":\"https:\/\/www.keemiatoostus.ee\/ru\/%d0%be-%d0%bf%d1%80%d0%b5%d0%b4%d0%bf%d1%80%d0%b8%d1%8f%d1%82%d0%b8%d0%b8\/#primaryimage\",\"url\":\"https:\/\/www.keemiatoostus.ee\/wp-content\/uploads\/2019\/07\/content.png\",\"contentUrl\":\"https:\/\/www.keemiatoostus.ee\/wp-content\/uploads\/2019\/07\/content.png\",\"width\":480,\"height\":575},{\"@type\":\"BreadcrumbList\",\"@id\":\"https:\/\/www.keemiatoostus.ee\/ru\/%d0%be-%d0%bf%d1%80%d0%b5%d0%b4%d0%bf%d1%80%d0%b8%d1%8f%d1%82%d0%b8%d0%b8\/#breadcrumb\",\"itemListElement\":[{\"@type\":\"ListItem\",\"position\":1,\"name\":\"Home\",\"item\":\"https:\/\/www.keemiatoostus.ee\/ru\/\"},{\"@type\":\"ListItem\",\"position\":2,\"name\":\"\u041e \u043f\u0440\u0435\u0434\u043f\u0440\u0438\u044f\u0442\u0438\u0438\"}]},{\"@type\":\"WebSite\",\"@id\":\"https:\/\/www.keemiatoostus.ee\/#website\",\"url\":\"https:\/\/www.keemiatoostus.ee\/\",\"name\":\"Kivi\u00f5li Keemiat\u00f6\u00f6stus\",\"description\":\"Iidne energia, uuenev tehnoloogia\",\"potentialAction\":[{\"@type\":\"SearchAction\",\"target\":{\"@type\":\"EntryPoint\",\"urlTemplate\":\"https:\/\/www.keemiatoostus.ee\/?s={search_term_string}\"},\"query-input\":{\"@type\":\"PropertyValueSpecification\",\"valueRequired\":true,\"valueName\":\"search_term_string\"}}],\"inLanguage\":\"ru-RU\"}]}<\/script>\n<!-- \/ Yoast SEO plugin. -->","yoast_head_json":{"title":"\u041e \u043f\u0440\u0435\u0434\u043f\u0440\u0438\u044f\u0442\u0438\u0438 - Kivi\u00f5li Keemiat\u00f6\u00f6stus","robots":{"index":"index","follow":"follow","max-snippet":"max-snippet:-1","max-image-preview":"max-image-preview:large","max-video-preview":"max-video-preview:-1"},"canonical":"https:\/\/www.keemiatoostus.ee\/ru\/\u043e-\u043f\u0440\u0435\u0434\u043f\u0440\u0438\u044f\u0442\u0438\u0438\/","og_locale":"ru_RU","og_type":"article","og_title":"\u041e \u043f\u0440\u0435\u0434\u043f\u0440\u0438\u044f\u0442\u0438\u0438 - Kivi\u00f5li Keemiat\u00f6\u00f6stus","og_description":"Kivi\u00f5li Keemiat\u00f6\u00f6stus (KKT) \u2014 \u0434\u0435\u0439\u0441\u0442\u0432\u0443\u044e\u0449\u0435\u0435 \u0443\u0436\u0435 \u0431\u043e\u043b\u0435\u0435 100 \u043b\u0435\u0442 \u043f\u0440\u0435\u0434\u043f\u0440\u0438\u044f\u0442\u0438\u0435, \u043e\u0441\u043d\u043e\u0432\u043d\u044b\u043c\u0438 \u0432\u0438\u0434\u0430\u043c\u0438 \u0434\u0435\u044f\u0442\u0435\u043b\u044c\u043d\u043e\u0441\u0442\u0438 \u043a\u043e\u0442\u043e\u0440\u043e\u0433\u043e \u044f\u0432\u043b\u044f\u044e\u0442\u0441\u044f \u0434\u043e\u0431\u044b\u0447\u0430 \u0441\u043b\u0430\u043d\u0446\u0430, \u043f\u0440\u043e\u0438\u0437\u0432\u043e\u0434\u0441\u0442\u0432\u043e \u0441\u043b\u0430\u043d\u0446\u0435\u0432\u043e\u0433\u043e \u043c\u0430\u0441\u043b\u0430,&hellip;","og_url":"https:\/\/www.keemiatoostus.ee\/ru\/\u043e-\u043f\u0440\u0435\u0434\u043f\u0440\u0438\u044f\u0442\u0438\u0438\/","og_site_name":"Kivi\u00f5li Keemiat\u00f6\u00f6stus","article_modified_time":"2024-05-21T12:47:59+00:00","og_image":[{"width":480,"height":575,"url":"https:\/\/www.keemiatoostus.ee\/wp-content\/uploads\/2019\/07\/content.png","type":"image\/png"}],"twitter_card":"summary_large_image","schema":{"@context":"https:\/\/schema.org","@graph":[{"@type":"WebPage","@id":"https:\/\/www.keemiatoostus.ee\/ru\/%d0%be-%d0%bf%d1%80%d0%b5%d0%b4%d0%bf%d1%80%d0%b8%d1%8f%d1%82%d0%b8%d0%b8\/","url":"https:\/\/www.keemiatoostus.ee\/ru\/%d0%be-%d0%bf%d1%80%d0%b5%d0%b4%d0%bf%d1%80%d0%b8%d1%8f%d1%82%d0%b8%d0%b8\/","name":"\u041e \u043f\u0440\u0435\u0434\u043f\u0440\u0438\u044f\u0442\u0438\u0438 - Kivi\u00f5li Keemiat\u00f6\u00f6stus","isPartOf":{"@id":"https:\/\/www.keemiatoostus.ee\/#website"},"primaryImageOfPage":{"@id":"https:\/\/www.keemiatoostus.ee\/ru\/%d0%be-%d0%bf%d1%80%d0%b5%d0%b4%d0%bf%d1%80%d0%b8%d1%8f%d1%82%d0%b8%d0%b8\/#primaryimage"},"image":{"@id":"https:\/\/www.keemiatoostus.ee\/ru\/%d0%be-%d0%bf%d1%80%d0%b5%d0%b4%d0%bf%d1%80%d0%b8%d1%8f%d1%82%d0%b8%d0%b8\/#primaryimage"},"thumbnailUrl":"https:\/\/www.keemiatoostus.ee\/wp-content\/uploads\/2019\/07\/content.png","datePublished":"2019-09-24T18:20:46+00:00","dateModified":"2024-05-21T12:47:59+00:00","breadcrumb":{"@id":"https:\/\/www.keemiatoostus.ee\/ru\/%d0%be-%d0%bf%d1%80%d0%b5%d0%b4%d0%bf%d1%80%d0%b8%d1%8f%d1%82%d0%b8%d0%b8\/#breadcrumb"},"inLanguage":"ru-RU","potentialAction":[{"@type":"ReadAction","target":["https:\/\/www.keemiatoostus.ee\/ru\/%d0%be-%d0%bf%d1%80%d0%b5%d0%b4%d0%bf%d1%80%d0%b8%d1%8f%d1%82%d0%b8%d0%b8\/"]}]},{"@type":"ImageObject","inLanguage":"ru-RU","@id":"https:\/\/www.keemiatoostus.ee\/ru\/%d0%be-%d0%bf%d1%80%d0%b5%d0%b4%d0%bf%d1%80%d0%b8%d1%8f%d1%82%d0%b8%d0%b8\/#primaryimage","url":"https:\/\/www.keemiatoostus.ee\/wp-content\/uploads\/2019\/07\/content.png","contentUrl":"https:\/\/www.keemiatoostus.ee\/wp-content\/uploads\/2019\/07\/content.png","width":480,"height":575},{"@type":"BreadcrumbList","@id":"https:\/\/www.keemiatoostus.ee\/ru\/%d0%be-%d0%bf%d1%80%d0%b5%d0%b4%d0%bf%d1%80%d0%b8%d1%8f%d1%82%d0%b8%d0%b8\/#breadcrumb","itemListElement":[{"@type":"ListItem","position":1,"name":"Home","item":"https:\/\/www.keemiatoostus.ee\/ru\/"},{"@type":"ListItem","position":2,"name":"\u041e \u043f\u0440\u0435\u0434\u043f\u0440\u0438\u044f\u0442\u0438\u0438"}]},{"@type":"WebSite","@id":"https:\/\/www.keemiatoostus.ee\/#website","url":"https:\/\/www.keemiatoostus.ee\/","name":"Kivi\u00f5li Keemiat\u00f6\u00f6stus","description":"Iidne energia, uuenev tehnoloogia","potentialAction":[{"@type":"SearchAction","target":{"@type":"EntryPoint","urlTemplate":"https:\/\/www.keemiatoostus.ee\/?s={search_term_string}"},"query-input":{"@type":"PropertyValueSpecification","valueRequired":true,"valueName":"search_term_string"}}],"inLanguage":"ru-RU"}]}},"_links":{"self":[{"href":"https:\/\/www.keemiatoostus.ee\/ru\/wp-json\/wp\/v2\/pages\/374","targetHints":{"allow":["GET"]}}],"collection":[{"href":"https:\/\/www.keemiatoostus.ee\/ru\/wp-json\/wp\/v2\/pages"}],"about":[{"href":"https:\/\/www.keemiatoostus.ee\/ru\/wp-json\/wp\/v2\/types\/page"}],"author":[{"embeddable":true,"href":"https:\/\/www.keemiatoostus.ee\/ru\/wp-json\/wp\/v2\/users\/1"}],"replies":[{"embeddable":true,"href":"https:\/\/www.keemiatoostus.ee\/ru\/wp-json\/wp\/v2\/comments?post=374"}],"version-history":[{"count":6,"href":"https:\/\/www.keemiatoostus.ee\/ru\/wp-json\/wp\/v2\/pages\/374\/revisions"}],"predecessor-version":[{"id":1530,"href":"https:\/\/www.keemiatoostus.ee\/ru\/wp-json\/wp\/v2\/pages\/374\/revisions\/1530"}],"wp:featuredmedia":[{"embeddable":true,"href":"https:\/\/www.keemiatoostus.ee\/ru\/wp-json\/wp\/v2\/media\/92"}],"wp:attachment":[{"href":"https:\/\/www.keemiatoostus.ee\/ru\/wp-json\/wp\/v2\/media?parent=374"}],"curies":[{"name":"wp","href":"https:\/\/api.w.org\/{rel}","templated":true}]}}