{"id":376,"date":"2019-09-24T21:25:02","date_gmt":"2019-09-24T18:25:02","guid":{"rendered":"https:\/\/new.keemiatoostus.ee\/?page_id=376"},"modified":"2024-05-16T15:06:47","modified_gmt":"2024-05-16T12:06:47","slug":"%d0%bf%d0%b0%d1%80%d1%82%d0%bd%d0%b5%d1%80%d1%8b","status":"publish","type":"page","link":"https:\/\/www.keemiatoostus.ee\/ru\/%d0%be-%d0%bf%d1%80%d0%b5%d0%b4%d0%bf%d1%80%d0%b8%d1%8f%d1%82%d0%b8%d0%b8\/%d0%bf%d0%b0%d1%80%d1%82%d0%bd%d0%b5%d1%80%d1%8b\/","title":{"rendered":"\u041f\u0430\u0440\u0442\u043d\u0435\u0440\u044b"},"content":{"rendered":"<p>\u041a\u041a\u0422 \u0442\u0435\u0441\u043d\u043e \u0441\u043e\u0442\u0440\u0443\u0434\u0438\u043d\u0438\u0447\u0430\u0435\u0442 \u0441 \u043d\u0435\u0441\u043a\u043e\u043b\u044c\u043a\u0438\u043c\u0438 \u043d\u0430\u0443\u0447\u043d\u044b\u043c\u0438 \u0443\u0447\u0440\u0435\u0436\u0434\u0435\u043d\u0438\u044f\u043c\u0438:<\/p>\n<ul>\n<li>TalTech Keemia- ja Bioloogiainstituut<\/li>\n<li>TalTech P\u00f5levkivi Kompetentsikeskus<\/li>\n<li>T\u00dc Keemia Instituut<\/li>\n<li>Ida-Viru Kutsehariduskeskus<\/li>\n<li>Keskkonnainvesteringute Keskus<\/li>\n<\/ul>\n<p>&nbsp;<\/p>\n<p>Kivi\u00f5li Keemiat\u00f6\u00f6stus \u2013 \u0430\u043a\u0442\u0438\u0432\u043d\u044b\u0439 \u0447\u043b\u0435\u043d \u0441\u043b\u0435\u0434\u0443\u044e\u0449\u0438\u0445 \u0437\u043e\u043d\u0442\u0438\u0447\u043d\u044b\u0445 \u043e\u0440\u0433\u0430\u043d\u0438\u0437\u0430\u0446\u0438\u0439:<\/p>\n<ul>\n<li>Eesti Keemiat\u00f6\u00f6stuse Liit<\/li>\n<li>Eesti M\u00e4eselts<\/li>\n<\/ul>\n","protected":false},"excerpt":{"rendered":"<p>\u041a\u041a\u0422 \u0442\u0435\u0441\u043d\u043e \u0441\u043e\u0442\u0440\u0443\u0434\u0438\u043d\u0438\u0447\u0430\u0435\u0442 \u0441 \u043d\u0435\u0441\u043a\u043e\u043b\u044c\u043a\u0438\u043c\u0438 \u043d\u0430\u0443\u0447\u043d\u044b\u043c\u0438 \u0443\u0447\u0440\u0435\u0436\u0434\u0435\u043d\u0438\u044f\u043c\u0438: TalTech Keemia- ja Bioloogiainstituut TalTech P\u00f5levkivi Kompetentsikeskus T\u00dc Keemia Instituut Ida-Viru Kutsehariduskeskus Keskkonnainvesteringute&hellip;<\/p>\n","protected":false},"author":1,"featured_media":0,"parent":374,"menu_order":2,"comment_status":"closed","ping_status":"closed","template":"","meta":{"footnotes":""},"class_list":["post-376","page","type-page","status-publish","hentry"],"yoast_head":"<!-- This site is optimized with the Yoast SEO plugin v25.9 - https:\/\/yoast.com\/wordpress\/plugins\/seo\/ -->\n<title>\u041f\u0430\u0440\u0442\u043d\u0435\u0440\u044b - Kivi\u00f5li Keemiat\u00f6\u00f6stus<\/title>\n<meta name=\"robots\" content=\"index, follow, max-snippet:-1, max-image-preview:large, max-video-preview:-1\" \/>\n<link rel=\"canonical\" href=\"https:\/\/www.keemiatoostus.ee\/ru\/\u043e-\u043f\u0440\u0435\u0434\u043f\u0440\u0438\u044f\u0442\u0438\u0438\/\u043f\u0430\u0440\u0442\u043d\u0435\u0440\u044b\/\" \/>\n<meta property=\"og:locale\" content=\"ru_RU\" \/>\n<meta property=\"og:type\" content=\"article\" \/>\n<meta property=\"og:title\" content=\"\u041f\u0430\u0440\u0442\u043d\u0435\u0440\u044b - Kivi\u00f5li Keemiat\u00f6\u00f6stus\" \/>\n<meta property=\"og:description\" content=\"\u041a\u041a\u0422 \u0442\u0435\u0441\u043d\u043e \u0441\u043e\u0442\u0440\u0443\u0434\u0438\u043d\u0438\u0447\u0430\u0435\u0442 \u0441 \u043d\u0435\u0441\u043a\u043e\u043b\u044c\u043a\u0438\u043c\u0438 \u043d\u0430\u0443\u0447\u043d\u044b\u043c\u0438 \u0443\u0447\u0440\u0435\u0436\u0434\u0435\u043d\u0438\u044f\u043c\u0438: TalTech Keemia- ja Bioloogiainstituut TalTech P\u00f5levkivi Kompetentsikeskus T\u00dc Keemia Instituut Ida-Viru Kutsehariduskeskus Keskkonnainvesteringute&hellip;\" \/>\n<meta property=\"og:url\" content=\"https:\/\/www.keemiatoostus.ee\/ru\/\u043e-\u043f\u0440\u0435\u0434\u043f\u0440\u0438\u044f\u0442\u0438\u0438\/\u043f\u0430\u0440\u0442\u043d\u0435\u0440\u044b\/\" \/>\n<meta property=\"og:site_name\" content=\"Kivi\u00f5li Keemiat\u00f6\u00f6stus\" \/>\n<meta property=\"article:modified_time\" content=\"2024-05-16T12:06:47+00:00\" \/>\n<meta name=\"twitter:card\" content=\"summary_large_image\" \/>\n<script type=\"application\/ld+json\" class=\"yoast-schema-graph\">{\"@context\":\"https:\/\/schema.org\",\"@graph\":[{\"@type\":\"WebPage\",\"@id\":\"https:\/\/www.keemiatoostus.ee\/ru\/%d0%be-%d0%bf%d1%80%d0%b5%d0%b4%d0%bf%d1%80%d0%b8%d1%8f%d1%82%d0%b8%d0%b8\/%d0%bf%d0%b0%d1%80%d1%82%d0%bd%d0%b5%d1%80%d1%8b\/\",\"url\":\"https:\/\/www.keemiatoostus.ee\/ru\/%d0%be-%d0%bf%d1%80%d0%b5%d0%b4%d0%bf%d1%80%d0%b8%d1%8f%d1%82%d0%b8%d0%b8\/%d0%bf%d0%b0%d1%80%d1%82%d0%bd%d0%b5%d1%80%d1%8b\/\",\"name\":\"\u041f\u0430\u0440\u0442\u043d\u0435\u0440\u044b - Kivi\u00f5li Keemiat\u00f6\u00f6stus\",\"isPartOf\":{\"@id\":\"https:\/\/www.keemiatoostus.ee\/#website\"},\"datePublished\":\"2019-09-24T18:25:02+00:00\",\"dateModified\":\"2024-05-16T12:06:47+00:00\",\"breadcrumb\":{\"@id\":\"https:\/\/www.keemiatoostus.ee\/ru\/%d0%be-%d0%bf%d1%80%d0%b5%d0%b4%d0%bf%d1%80%d0%b8%d1%8f%d1%82%d0%b8%d0%b8\/%d0%bf%d0%b0%d1%80%d1%82%d0%bd%d0%b5%d1%80%d1%8b\/#breadcrumb\"},\"inLanguage\":\"ru-RU\",\"potentialAction\":[{\"@type\":\"ReadAction\",\"target\":[\"https:\/\/www.keemiatoostus.ee\/ru\/%d0%be-%d0%bf%d1%80%d0%b5%d0%b4%d0%bf%d1%80%d0%b8%d1%8f%d1%82%d0%b8%d0%b8\/%d0%bf%d0%b0%d1%80%d1%82%d0%bd%d0%b5%d1%80%d1%8b\/\"]}]},{\"@type\":\"BreadcrumbList\",\"@id\":\"https:\/\/www.keemiatoostus.ee\/ru\/%d0%be-%d0%bf%d1%80%d0%b5%d0%b4%d0%bf%d1%80%d0%b8%d1%8f%d1%82%d0%b8%d0%b8\/%d0%bf%d0%b0%d1%80%d1%82%d0%bd%d0%b5%d1%80%d1%8b\/#breadcrumb\",\"itemListElement\":[{\"@type\":\"ListItem\",\"position\":1,\"name\":\"Home\",\"item\":\"https:\/\/www.keemiatoostus.ee\/ru\/\"},{\"@type\":\"ListItem\",\"position\":2,\"name\":\"\u041e \u043f\u0440\u0435\u0434\u043f\u0440\u0438\u044f\u0442\u0438\u0438\",\"item\":\"https:\/\/www.keemiatoostus.ee\/ru\/%d0%be-%d0%bf%d1%80%d0%b5%d0%b4%d0%bf%d1%80%d0%b8%d1%8f%d1%82%d0%b8%d0%b8\/\"},{\"@type\":\"ListItem\",\"position\":3,\"name\":\"\u041f\u0430\u0440\u0442\u043d\u0435\u0440\u044b\"}]},{\"@type\":\"WebSite\",\"@id\":\"https:\/\/www.keemiatoostus.ee\/#website\",\"url\":\"https:\/\/www.keemiatoostus.ee\/\",\"name\":\"Kivi\u00f5li Keemiat\u00f6\u00f6stus\",\"description\":\"Iidne energia, uuenev tehnoloogia\",\"potentialAction\":[{\"@type\":\"SearchAction\",\"target\":{\"@type\":\"EntryPoint\",\"urlTemplate\":\"https:\/\/www.keemiatoostus.ee\/?s={search_term_string}\"},\"query-input\":{\"@type\":\"PropertyValueSpecification\",\"valueRequired\":true,\"valueName\":\"search_term_string\"}}],\"inLanguage\":\"ru-RU\"}]}<\/script>\n<!-- \/ Yoast SEO plugin. -->","yoast_head_json":{"title":"\u041f\u0430\u0440\u0442\u043d\u0435\u0440\u044b - Kivi\u00f5li Keemiat\u00f6\u00f6stus","robots":{"index":"index","follow":"follow","max-snippet":"max-snippet:-1","max-image-preview":"max-image-preview:large","max-video-preview":"max-video-preview:-1"},"canonical":"https:\/\/www.keemiatoostus.ee\/ru\/\u043e-\u043f\u0440\u0435\u0434\u043f\u0440\u0438\u044f\u0442\u0438\u0438\/\u043f\u0430\u0440\u0442\u043d\u0435\u0440\u044b\/","og_locale":"ru_RU","og_type":"article","og_title":"\u041f\u0430\u0440\u0442\u043d\u0435\u0440\u044b - Kivi\u00f5li Keemiat\u00f6\u00f6stus","og_description":"\u041a\u041a\u0422 \u0442\u0435\u0441\u043d\u043e \u0441\u043e\u0442\u0440\u0443\u0434\u0438\u043d\u0438\u0447\u0430\u0435\u0442 \u0441 \u043d\u0435\u0441\u043a\u043e\u043b\u044c\u043a\u0438\u043c\u0438 \u043d\u0430\u0443\u0447\u043d\u044b\u043c\u0438 \u0443\u0447\u0440\u0435\u0436\u0434\u0435\u043d\u0438\u044f\u043c\u0438: TalTech Keemia- ja Bioloogiainstituut TalTech P\u00f5levkivi Kompetentsikeskus T\u00dc Keemia Instituut Ida-Viru Kutsehariduskeskus Keskkonnainvesteringute&hellip;","og_url":"https:\/\/www.keemiatoostus.ee\/ru\/\u043e-\u043f\u0440\u0435\u0434\u043f\u0440\u0438\u044f\u0442\u0438\u0438\/\u043f\u0430\u0440\u0442\u043d\u0435\u0440\u044b\/","og_site_name":"Kivi\u00f5li Keemiat\u00f6\u00f6stus","article_modified_time":"2024-05-16T12:06:47+00:00","twitter_card":"summary_large_image","schema":{"@context":"https:\/\/schema.org","@graph":[{"@type":"WebPage","@id":"https:\/\/www.keemiatoostus.ee\/ru\/%d0%be-%d0%bf%d1%80%d0%b5%d0%b4%d0%bf%d1%80%d0%b8%d1%8f%d1%82%d0%b8%d0%b8\/%d0%bf%d0%b0%d1%80%d1%82%d0%bd%d0%b5%d1%80%d1%8b\/","url":"https:\/\/www.keemiatoostus.ee\/ru\/%d0%be-%d0%bf%d1%80%d0%b5%d0%b4%d0%bf%d1%80%d0%b8%d1%8f%d1%82%d0%b8%d0%b8\/%d0%bf%d0%b0%d1%80%d1%82%d0%bd%d0%b5%d1%80%d1%8b\/","name":"\u041f\u0430\u0440\u0442\u043d\u0435\u0440\u044b - Kivi\u00f5li Keemiat\u00f6\u00f6stus","isPartOf":{"@id":"https:\/\/www.keemiatoostus.ee\/#website"},"datePublished":"2019-09-24T18:25:02+00:00","dateModified":"2024-05-16T12:06:47+00:00","breadcrumb":{"@id":"https:\/\/www.keemiatoostus.ee\/ru\/%d0%be-%d0%bf%d1%80%d0%b5%d0%b4%d0%bf%d1%80%d0%b8%d1%8f%d1%82%d0%b8%d0%b8\/%d0%bf%d0%b0%d1%80%d1%82%d0%bd%d0%b5%d1%80%d1%8b\/#breadcrumb"},"inLanguage":"ru-RU","potentialAction":[{"@type":"ReadAction","target":["https:\/\/www.keemiatoostus.ee\/ru\/%d0%be-%d0%bf%d1%80%d0%b5%d0%b4%d0%bf%d1%80%d0%b8%d1%8f%d1%82%d0%b8%d0%b8\/%d0%bf%d0%b0%d1%80%d1%82%d0%bd%d0%b5%d1%80%d1%8b\/"]}]},{"@type":"BreadcrumbList","@id":"https:\/\/www.keemiatoostus.ee\/ru\/%d0%be-%d0%bf%d1%80%d0%b5%d0%b4%d0%bf%d1%80%d0%b8%d1%8f%d1%82%d0%b8%d0%b8\/%d0%bf%d0%b0%d1%80%d1%82%d0%bd%d0%b5%d1%80%d1%8b\/#breadcrumb","itemListElement":[{"@type":"ListItem","position":1,"name":"Home","item":"https:\/\/www.keemiatoostus.ee\/ru\/"},{"@type":"ListItem","position":2,"name":"\u041e \u043f\u0440\u0435\u0434\u043f\u0440\u0438\u044f\u0442\u0438\u0438","item":"https:\/\/www.keemiatoostus.ee\/ru\/%d0%be-%d0%bf%d1%80%d0%b5%d0%b4%d0%bf%d1%80%d0%b8%d1%8f%d1%82%d0%b8%d0%b8\/"},{"@type":"ListItem","position":3,"name":"\u041f\u0430\u0440\u0442\u043d\u0435\u0440\u044b"}]},{"@type":"WebSite","@id":"https:\/\/www.keemiatoostus.ee\/#website","url":"https:\/\/www.keemiatoostus.ee\/","name":"Kivi\u00f5li Keemiat\u00f6\u00f6stus","description":"Iidne energia, uuenev tehnoloogia","potentialAction":[{"@type":"SearchAction","target":{"@type":"EntryPoint","urlTemplate":"https:\/\/www.keemiatoostus.ee\/?s={search_term_string}"},"query-input":{"@type":"PropertyValueSpecification","valueRequired":true,"valueName":"search_term_string"}}],"inLanguage":"ru-RU"}]}},"_links":{"self":[{"href":"https:\/\/www.keemiatoostus.ee\/ru\/wp-json\/wp\/v2\/pages\/376","targetHints":{"allow":["GET"]}}],"collection":[{"href":"https:\/\/www.keemiatoostus.ee\/ru\/wp-json\/wp\/v2\/pages"}],"about":[{"href":"https:\/\/www.keemiatoostus.ee\/ru\/wp-json\/wp\/v2\/types\/page"}],"author":[{"embeddable":true,"href":"https:\/\/www.keemiatoostus.ee\/ru\/wp-json\/wp\/v2\/users\/1"}],"replies":[{"embeddable":true,"href":"https:\/\/www.keemiatoostus.ee\/ru\/wp-json\/wp\/v2\/comments?post=376"}],"version-history":[{"count":2,"href":"https:\/\/www.keemiatoostus.ee\/ru\/wp-json\/wp\/v2\/pages\/376\/revisions"}],"predecessor-version":[{"id":1524,"href":"https:\/\/www.keemiatoostus.ee\/ru\/wp-json\/wp\/v2\/pages\/376\/revisions\/1524"}],"up":[{"embeddable":true,"href":"https:\/\/www.keemiatoostus.ee\/ru\/wp-json\/wp\/v2\/pages\/374"}],"wp:attachment":[{"href":"https:\/\/www.keemiatoostus.ee\/ru\/wp-json\/wp\/v2\/media?parent=376"}],"curies":[{"name":"wp","href":"https:\/\/api.w.org\/{rel}","templated":true}]}}